{"id":10,"date":"2015-01-21T17:58:01","date_gmt":"2015-01-21T17:58:01","guid":{"rendered":"http:\/\/www.sinasefe-ifc.org\/litoral\/?page_id=10"},"modified":"2020-06-26T12:12:50","modified_gmt":"2020-06-26T15:12:50","slug":"o-sindicato","status":"publish","type":"page","link":"https:\/\/www.sinasefe-ifc.org\/litoral\/o-sindicato\/","title":{"rendered":"O Sindicato"},"content":{"rendered":"\n<p>Fundado em&nbsp;06 de outubro de 2010 como&nbsp;Se\u00e7\u00e3o Sindical do Instituto&nbsp;Federal Catarinense (IFC) \u2013 Litoral do Vale do Itaja\u00ed (SC), o SINASEFE Litoral \u00e9 o representante dos docentes e t\u00e9cnico-administrativos em educa\u00e7\u00e3o das unidades Araquari, Blumenau (Campus e Reitoria), Brusque, Cambori\u00fa, S\u00e3o Bento do Sul e S\u00e3o Francisco do Sul do Instituto Federal Catarinense.<\/p>\n\n\n\n<p>Desde sua funda\u00e7\u00e3o, a Se\u00e7\u00e3o trabalha em prol da melhoria das condi\u00e7\u00f5es de trabalho para os servidores e na defesa de seus direitos. Para isso, conta com o aux\u00edlio de seus filiados, que d\u00e3o sustento pol\u00edtico e financeiro ao Sindicato &#8211; como todas as Se\u00e7\u00f5es do SINASEFE, desde nossa funda\u00e7\u00e3o devolvemos a contribui\u00e7\u00e3o sindical obrigat\u00f3ria, mantendo-nos independente desta fonte.<\/p>\n\n\n\n<p>A Se\u00e7\u00e3o oferece aos seus filiados <a href=\"https:\/\/www.sinasefe-ifc.org\/litoral\/convenios\/\">Assessoria Jur\u00eddica e Plano de Sa\u00fade<\/a> e mant\u00e9m atendimento f\u00edsico em <a href=\"https:\/\/www.sinasefe-ifc.org\/litoral\/contato\/\">unidade pr\u00f3pria na cidade de Cambori\u00fa-SC<\/a>. <\/p>\n\n\n\n<p>Conhe\u00e7a um pouco mais de <a href=\"http:\/\/www.sinasefe-ifc.org\/litoral\/historico\/\">nossa hist\u00f3ria<\/a> e saiba mais sobre <a href=\"http:\/\/www.sinasefe-ifc.org\/litoral\/filiacao\/\">como filiar-se \u00e0 Se\u00e7\u00e3o<\/a>.<\/p>\n\n\n\n<h3 class=\"wp-block-heading\" style=\"text-align:center\"><a href=\"http:\/\/www.sinasefe-ifc.org\/litoral\/filiacao\/\">Filie-se<\/a> e contribua no avan\u00e7o de nossas lutas!<\/h3>\n\n\n\n<div class=\"wp-block-image\"><figure class=\"aligncenter\"><img data-recalc-dims=\"1\" decoding=\"async\" width=\"770\" height=\"290\" data-attachment-id=\"2176\" data-permalink=\"https:\/\/www.sinasefe-ifc.org\/litoral\/news-capa-teste\/\" data-orig-file=\"https:\/\/i0.wp.com\/www.sinasefe-ifc.org\/litoral\/wp-content\/uploads\/2018\/07\/news-capa-teste.png?fit=1024%2C385&amp;ssl=1\" data-orig-size=\"1024,385\" data-comments-opened=\"0\" data-image-meta=\"{&quot;aperture&quot;:&quot;0&quot;,&quot;credit&quot;:&quot;&quot;,&quot;camera&quot;:&quot;&quot;,&quot;caption&quot;:&quot;&quot;,&quot;created_timestamp&quot;:&quot;0&quot;,&quot;copyright&quot;:&quot;&quot;,&quot;focal_length&quot;:&quot;0&quot;,&quot;iso&quot;:&quot;0&quot;,&quot;shutter_speed&quot;:&quot;0&quot;,&quot;title&quot;:&quot;&quot;,&quot;orientation&quot;:&quot;0&quot;}\" data-image-title=\"news &amp;#8211; capa teste\" data-image-description=\"\" data-image-caption=\"\" data-medium-file=\"https:\/\/i0.wp.com\/www.sinasefe-ifc.org\/litoral\/wp-content\/uploads\/2018\/07\/news-capa-teste.png?fit=770%2C290&amp;ssl=1\" data-large-file=\"https:\/\/i0.wp.com\/www.sinasefe-ifc.org\/litoral\/wp-content\/uploads\/2018\/07\/news-capa-teste.png?fit=770%2C290&amp;ssl=1\" src=\"https:\/\/i0.wp.com\/www.sinasefe-ifc.org\/litoral\/wp-content\/uploads\/2018\/07\/news-capa-teste.png?resize=770%2C290&#038;ssl=1\" alt=\"\" class=\"wp-image-2176\" srcset=\"https:\/\/i0.wp.com\/www.sinasefe-ifc.org\/litoral\/wp-content\/uploads\/2018\/07\/news-capa-teste.png?w=1024&amp;ssl=1 1024w, https:\/\/i0.wp.com\/www.sinasefe-ifc.org\/litoral\/wp-content\/uploads\/2018\/07\/news-capa-teste.png?resize=150%2C56&amp;ssl=1 150w, https:\/\/i0.wp.com\/www.sinasefe-ifc.org\/litoral\/wp-content\/uploads\/2018\/07\/news-capa-teste.png?resize=770%2C290&amp;ssl=1 770w, https:\/\/i0.wp.com\/www.sinasefe-ifc.org\/litoral\/wp-content\/uploads\/2018\/07\/news-capa-teste.png?resize=768%2C289&amp;ssl=1 768w, https:\/\/i0.wp.com\/www.sinasefe-ifc.org\/litoral\/wp-content\/uploads\/2018\/07\/news-capa-teste.png?resize=710%2C267&amp;ssl=1 710w\" sizes=\"(max-width: 770px) 100vw, 770px\" \/><\/figure><\/div>\n","protected":false},"excerpt":{"rendered":"<p>Fundado em&nbsp;06 de outubro de 2010 como&nbsp;Se\u00e7\u00e3o Sindical do Instituto&nbsp;Federal Catarinense (IFC) \u2013 Litoral do Vale do Itaja\u00ed (SC), o SINASEFE Litoral \u00e9 o representante dos docentes e t\u00e9cnico-administrativos em [&hellip;]<\/p>\n","protected":false},"author":1,"featured_media":0,"parent":0,"menu_order":0,"comment_status":"closed","ping_status":"open","template":"","meta":{"_uag_custom_page_level_css":"","footnotes":""},"class_list":["post-10","page","type-page","status-publish","hentry"],"uagb_featured_image_src":{"full":false,"thumbnail":false,"medium":false,"medium_large":false,"large":false,"1536x1536":false,"2048x2048":false,"post-thumbnail":false,"cenote-full-width":false,"cenote-post":false,"cenote-post-auto":false,"mailpoet_newsletter_max":false},"uagb_author_info":{"display_name":"SINASEFE IFC","author_link":"https:\/\/www.sinasefe-ifc.org\/litoral\/author\/webmaster\/"},"uagb_comment_info":0,"uagb_excerpt":"Fundado em&nbsp;06 de outubro de 2010 como&nbsp;Se\u00e7\u00e3o Sindical do Instituto&nbsp;Federal Catarinense (IFC) \u2013 Litoral do Vale do Itaja\u00ed (SC), o SINASEFE Litoral \u00e9 o representante dos docentes e t\u00e9cnico-administrativos em [&hellip;]","jetpack_sharing_enabled":true,"jetpack_shortlink":"https:\/\/wp.me\/P9YpaO-a","_links":{"self":[{"href":"https:\/\/www.sinasefe-ifc.org\/litoral\/wp-json\/wp\/v2\/pages\/10","targetHints":{"allow":["GET"]}}],"collection":[{"href":"https:\/\/www.sinasefe-ifc.org\/litoral\/wp-json\/wp\/v2\/pages"}],"about":[{"href":"https:\/\/www.sinasefe-ifc.org\/litoral\/wp-json\/wp\/v2\/types\/page"}],"author":[{"embeddable":true,"href":"https:\/\/www.sinasefe-ifc.org\/litoral\/wp-json\/wp\/v2\/users\/1"}],"replies":[{"embeddable":true,"href":"https:\/\/www.sinasefe-ifc.org\/litoral\/wp-json\/wp\/v2\/comments?post=10"}],"version-history":[{"count":23,"href":"https:\/\/www.sinasefe-ifc.org\/litoral\/wp-json\/wp\/v2\/pages\/10\/revisions"}],"predecessor-version":[{"id":6673,"href":"https:\/\/www.sinasefe-ifc.org\/litoral\/wp-json\/wp\/v2\/pages\/10\/revisions\/6673"}],"wp:attachment":[{"href":"https:\/\/www.sinasefe-ifc.org\/litoral\/wp-json\/wp\/v2\/media?parent=10"}],"curies":[{"name":"wp","href":"https:\/\/api.w.org\/{rel}","templated":true}]}}