{"id":1198,"date":"2017-11-30T18:56:57","date_gmt":"2017-11-30T20:56:57","guid":{"rendered":"http:\/\/www.sinasefe-ifc.org\/litoral\/?page_id=1198"},"modified":"2022-05-09T13:08:07","modified_gmt":"2022-05-09T16:08:07","slug":"historico-de-direcoes","status":"publish","type":"page","link":"https:\/\/www.sinasefe-ifc.org\/litoral\/o-sindicato\/diretoria\/historico-de-direcoes\/","title":{"rendered":"Dire\u00e7\u00e3o &#8211; Hist\u00f3rico"},"content":{"rendered":"\n<h4 class=\"wp-block-heading\"><strong>Bi\u00eanio 2020\/2022 \u2013 <\/strong><em><strong>Chapa \u201cVoz Ativa\u201d<\/strong><\/em><\/h4>\n\n\n\n<h3 class=\"wp-block-heading\"><em>Nominata que encerrou a gest\u00e3o, em 2022*:<\/em><\/h3>\n\n\n\n<p><strong>Coordenador Geral<\/strong> Guilherme Migliorini<br><strong>Coordenadora Geral<\/strong> Keli Castro Carneiro<\/p>\n\n\n\n<p><strong>Secret\u00e1ria Geral <\/strong>Mariane Rodrigues de Souza<br><em>Adjunto(a) Em vac\u00e2ncia<\/em><\/p>\n\n\n\n<p><strong>Tesoureiro Geral\u00a0<\/strong>Leandro Regis<br><em>Adjunto(a)<\/em> <em>Em vac\u00e2ncia<\/em><\/p>\n\n\n\n<p><strong>Secret\u00e1rio de Comunica\u00e7\u00e3o e Forma\u00e7\u00e3o Pol\u00edtica e Sindical\u00a0<\/strong>Fernando de Britto Falci<br><em><em>Adjunto(a)<\/em><\/em> F\u00e1bio Alves dos Santos Dias<\/p>\n\n\n\n<p><strong>Secret\u00e1rio de Assuntos Legislativos e Jur\u00eddicos\u00a0<\/strong>Ivan Furmann<br><em><em>Adjunto(a)<\/em><\/em> D\u00e9bora Regina Claudiano<\/p>\n\n\n\n<p><strong>Secret\u00e1rio de Pessoal\u00a0<\/strong><em>Em vac\u00e2ncia<\/em><br><em><em>Adjunto(a)<\/em><\/em> <em>Em vac\u00e2ncia<\/em><\/p>\n\n\n\n<p><strong>Secret\u00e1ria de Representa\u00e7\u00e3o Unidades Araquari\/S\u00e3o Francisco\/S\u00e3o Bento do Sul<\/strong> Andressa Torinelli<br><em><em>Adjunto(a)<\/em><\/em> <em>Em vac\u00e2ncia<\/em><\/p>\n\n\n\n<p><strong>Secret\u00e1ria de Representa\u00e7\u00e3o Unidades Cambori\u00fa\/Brusque\u00a0<\/strong>Leisi Fernanda Moya<br><em><em><em><em>Adjunto(a)<\/em><\/em> <em>Em vac\u00e2ncia<\/em><\/em><\/em><\/p>\n\n\n\n<p><strong>Secret\u00e1ria de Representa\u00e7\u00e3o Reitoria\/Unidade Blumenau\u00a0<\/strong>Deivis Elton Fraines<br><em><em>Adjunto(a)<\/em><\/em> <em><em><em>Em vac\u00e2ncia<\/em><\/em><\/em><\/p>\n\n\n\n<p class=\"has-small-font-size\"><em>*Conforme altera\u00e7\u00f5es aprovadas em <a rel=\"noreferrer noopener\" href=\"https:\/\/www.sinasefe-ifc.org\/litoral\/noticias\/assembleia-reorganiza-direcao-sindical-e-elege-delegados-para-plenaria-nacional\/\" target=\"_blank\">Assembleia em 24 fevereiro de 2021<\/a> e em <a href=\"https:\/\/www.sinasefe-ifc.org\/litoral\/noticias\/assembleia-cria-comando-de-greve-e-aponta-construcao-de-plenaria-unificada-com-secoes-ifc-e-estudantes\/\" data-type=\"URL\" data-id=\"https:\/\/www.sinasefe-ifc.org\/litoral\/noticias\/assembleia-cria-comando-de-greve-e-aponta-construcao-de-plenaria-unificada-com-secoes-ifc-e-estudantes\/\">Assembleia em 15 de setembro de 2021<\/a>.<\/em><\/p>\n\n\n\n<h4 class=\"wp-block-heading\"><strong>Bi\u00eanio 2017\/2019 &#8211; <\/strong><em><strong>Chapa &#8220;Vozes em Luta&#8221;<\/strong><\/em><\/h4>\n\n\n\n<h3 class=\"wp-block-heading\"><em>Nominata que encerrou a gest\u00e3o, em 2020*:<\/em><\/h3>\n\n\n\n<p><strong>Coordenadora Geral&nbsp;<\/strong>Rubia Sagaz<br><strong>Coordenador Geral&nbsp;<\/strong>Frederico Andres Bazana<\/p>\n\n\n\n<p><strong>Secret\u00e1ria Geral&nbsp;<\/strong>Luciana Colussi<\/p>\n\n\n\n<p><strong>Tesoureira Geral&nbsp;<\/strong>Fl\u00e1via Walter<br><em>Suplente <\/em>Lu\u00ed Fellippe da Silva Bellincantta Mollossi<\/p>\n\n\n\n<p><strong>Secret\u00e1rio de Comunica\u00e7\u00e3o e Forma\u00e7\u00e3o Pol\u00edtica e Sindical&nbsp;<\/strong>Jo\u00e3o Carlos Cichaczewski<br><em>Suplente<\/em> Michel Goulart da Silva<\/p>\n\n\n\n<p><strong>Secret\u00e1rio de Assuntos Legislativos e Jur\u00eddicos&nbsp;<\/strong>Mario Luiz Madeira Ferreira<br><em>Suplente<\/em> Joseane Olga Kammer<\/p>\n\n\n\n<p><strong>Secret\u00e1rio de Pessoal&nbsp;<\/strong>Jorge Luis Araujo dos Santos<br><em>Suplente<\/em> Eddy Ervin Eltermann<\/p>\n\n\n\n<p><strong>Secret\u00e1ria de Representa\u00e7\u00e3o Unidades Araquari\/S\u00e3o Francisco\/S\u00e3o Bento do Sul<\/strong>Patricia Machado Bomfanti de Oliveira (Araquari)<br><em>Suplente<\/em> Priscila Cardoso (S\u00e3o Francisco do Sul)<\/p>\n\n\n\n<p><strong>Secret\u00e1ria de Representa\u00e7\u00e3o Unidades Cambori\u00fa\/Brusque&nbsp;<\/strong>Evandina Argena da Silva (Cambori\u00fa)<br><em>Suplente<\/em> Alessandro Becker (Brusque)<\/p>\n\n\n\n<p><strong>Secret\u00e1rio de Representa\u00e7\u00e3o Reitoria\/Unidade Blumenau&nbsp;<\/strong>Marco Antonio dos Santos (Reitoria)<br><em>Suplente<\/em> Mari\u00e9lli dos Santos de Oliveira Bitencourt (Blumenau)<\/p>\n\n\n\n<p class=\"has-small-font-size\"><em>*Conforme altera\u00e7\u00f5es aprovadas em <a rel=\"noreferrer noopener\" aria-label=\"Assembleia em 03 de julho de 2019 (abre em uma nova aba)\" href=\"https:\/\/www.sinasefe-ifc.org\/litoral\/noticias\/assembleia-aprova-construcao-de-ato-em-brasilia-no-dia-12\/\" target=\"_blank\">Assembleia em 03 de julho de 2019<\/a> e <a href=\"https:\/\/www.sinasefe-ifc.org\/litoral\/noticias\/assembleia-aprova-prorrogacao-de-mandato-da-direcao-e-compoem-comissao-eleitoral-para-novo-pleito\/\">Assembleia em 25 de outubro de 2019<\/a>.<\/em><\/p>\n\n\n\n<h3 class=\"wp-block-heading\"><em>Nominata eleita em 2017:<\/em><\/h3>\n\n\n\n<p><strong>Coordenadora Geral&nbsp;<\/strong>Rosana da Silva Cuba<br><strong>Coordenador Geral&nbsp;<\/strong>Frederico Andres Bazana<\/p>\n\n\n\n<p><strong>Secret\u00e1ria Geral&nbsp;<\/strong>Luciana Colussi<br><em>Suplente<\/em>&nbsp;Renilse Paula Batista<\/p>\n\n\n\n<p><strong>Tesoureira Geral&nbsp;<\/strong>Fl\u00e1via Walter<br><em>Suplente<\/em>&nbsp;Edvanderson Ramalho dos Santos<\/p>\n\n\n\n<p><strong>Secret\u00e1rio de Comunica\u00e7\u00e3o e Forma\u00e7\u00e3o Pol\u00edtica e Sindical<\/strong>&nbsp;Jo\u00e3o Carlos Cichaczewski<br><em>Suplente<\/em>&nbsp;Michel Goulart da Silva<\/p>\n\n\n\n<p><strong>Secret\u00e1rio de Assuntos Legislativos e Jur\u00eddicos<\/strong>&nbsp;Mario Luiz Madeira Ferreira<br><em>Suplente<\/em>&nbsp;Joseane Olga Kammer<\/p>\n\n\n\n<p><strong>Secret\u00e1rio de Pessoal<\/strong>&nbsp;Jorge Luis Araujo dos Santos<br><em>Suplente<\/em>&nbsp;Daniel Minuzzi de Souza<\/p>\n\n\n\n<p><strong>Secret\u00e1ria de Representa\u00e7\u00e3o Unidades Araquari\/S\u00e3o Francisco\/S\u00e3o Bento do Sul&nbsp;<\/strong>Patricia Machado Bomfanti de Oliveira<br><em>Suplente<\/em>&nbsp;Vera L\u00facia da Silva<\/p>\n\n\n\n<p><strong>Secret\u00e1ria de Representa\u00e7\u00e3o Unidades Cambori\u00fa\/Brusque&nbsp;<\/strong>Evandina Argena da Silva<br><em>Suplente<\/em>&nbsp;Alessandro Becker<\/p>\n\n\n\n<p><strong>Secret\u00e1rio de Representa\u00e7\u00e3o Reitoria\/Unidade Blumenau<\/strong>&nbsp;Marco Antonio dos Santos<br><em>Suplente<\/em>&nbsp;Rubia Graziela de Souza Sagaz<\/p>\n\n\n\n<h4 class=\"wp-block-heading\"><strong>Bi\u00eanio 2015\/2017 &#8211;&nbsp;<\/strong><strong><em>Chapa &#8220;Continuar Lutando para Garantir Direitos&#8221;<\/em><\/strong><\/h4>\n\n\n\n<h3 class=\"wp-block-heading\"><em>Nominata que encerrou a gest\u00e3o em 2017:<\/em><\/h3>\n\n\n\n<p><strong>Coordenador Geral:<\/strong> Roberta Raquel<br><strong>Coordenador Geral:<\/strong> Frederico Andres Bazana<\/p>\n\n\n\n<p><strong>Secret\u00e1rio Geral:<\/strong> Isaias dos Santos<br><strong>Suplente:<\/strong>&nbsp;Edvanderson Ramalho dos Santos<\/p>\n\n\n\n<p><strong>Tesoureiro Geral:<\/strong> Simone Voltolini Olczyk<br><strong>Suplente:&nbsp;<\/strong>Rodolfo Augusto Bravo de Conto<\/p>\n\n\n\n<p><strong>Secret\u00e1rio de Comunica\u00e7\u00e3o e Forma\u00e7\u00e3o Pol\u00edtico e Sindical:&nbsp;<\/strong>Jo\u00e3o Carlos Cichaczewski<br><strong>Suplente:<\/strong> Michel Goulart da Silva<\/p>\n\n\n\n<p><strong>Secret\u00e1ria de Assuntos Legisla\u00e7\u00e3o e Jur\u00eddico:&nbsp;<\/strong>Igor Moraes&nbsp;Chaves<\/p>\n\n\n\n<p><strong>Secret\u00e1rio de Pessoal:&nbsp;<\/strong>Jorge Luis Ara\u00fajo dos Santos<\/p>\n\n\n\n<p><strong>Secret\u00e1rio de Representa\u00e7\u00e3o do C\u00e2mpus Araquari\/ S\u00e3o Francisco do Sul:&nbsp;<\/strong>Giovani Felipe<\/p>\n\n\n\n<p><strong>Secret\u00e1rio de Representa\u00e7\u00e3o da Reitoria\/ C\u00e2mpus Blumenau:<\/strong> Daniel Minuzzi de Souza<br><strong>Suplente:<\/strong>&nbsp;Marco Ant\u00f4nio dos Santos<\/p>\n\n\n\n<h3 class=\"wp-block-heading\"><em>Nominata eleita em 2015:<\/em><\/h3>\n\n\n\n<p><strong>Coordenador Geral:<\/strong> Alessandro Ezequiel da Paix\u00e3o<br><em><strong>Coordenador Geral:<\/strong><\/em>&nbsp;Herlon Iran Rosa<\/p>\n\n\n\n<p><strong>Secret\u00e1rio Geral:&nbsp;<\/strong>Isa\u00edas dos Santos<br><strong>Suplente:<\/strong>&nbsp;Edvanderson Ramalho dos Santos<\/p>\n\n\n\n<p><strong>Tesoureiro Geral:<\/strong> Sandro Marcos Levati<br><strong>Suplente:<\/strong>&nbsp;Rodolfo Augusto Bravo<\/p>\n\n\n\n<p><strong>Secretaria de Comunica\u00e7\u00e3o e Forma\u00e7\u00e3o Pol\u00edtico e Sindical:<\/strong> Jo\u00e3o Carlos Cichaczewski<br><strong>Suplente:<\/strong> Michel Goulart da Silva<\/p>\n\n\n\n<p><strong>Secret\u00e1rio de Assuntos Legisla\u00e7\u00e3o, e Jur\u00eddico:<\/strong> Igor Moraes Chaves<br><strong>Suplente:<\/strong> Joacir Mello da Silva<\/p>\n\n\n\n<p><strong>Secret\u00e1ria de Pessoal:<\/strong> Roberta Raquel<br><strong>Suplente:<\/strong> Luciana Colussi<\/p>\n\n\n\n<p><strong>Secretaria de Representa\u00e7\u00e3o Campus Araquari\/S\u00e3o Francisco:<\/strong> Vera L\u00facia da Silva<br><strong>Suplente:<\/strong> Cl\u00e9dison Ign\u00e1cio<\/p>\n\n\n\n<p><strong>Secret\u00e1rio de Representa\u00e7\u00e3o Campus Cambori\u00fa:<\/strong> Lu\u00eds Fernando Kluge<br><strong>Suplente:<\/strong> Catarina de F\u00e1tima da Silva<\/p>\n\n\n\n<p><strong>Secret\u00e1rio de Representa\u00e7\u00e3o Reitoria\/Campus Blumenau:<\/strong> Daniel Minuzzi de Souza<br><strong>Suplente:<\/strong> Marco Ant\u00f4nio dos Santos<\/p>\n\n\n\n<h4 class=\"wp-block-heading\"><strong>Bi\u00eanio 2013\/2015<\/strong><\/h4>\n\n\n\n<h3 class=\"wp-block-heading\"><em>Nominata eleita em 2013:<\/em><\/h3>\n\n\n\n<p><strong>Coordenador Geral:<\/strong> Isa\u00edas dos Santos<br><strong>Coordenador Geral:<\/strong> Alessandro Ezequiel da Paix\u00e3o<\/p>\n\n\n\n<p><strong>Secret\u00e1rio Geral:<\/strong> S\u00e9rgio dos Santos Souza<br><strong>Suplente:<\/strong> Luciana Colussi<\/p>\n\n\n\n<p><strong>Tesoureiro Geral:<\/strong> Armando Furlani<br><strong>Suplente:<\/strong> Marcelo Fernando Rauber<\/p>\n\n\n\n<p><strong>Secret\u00e1rio de Comunica\u00e7\u00e3o e Forma\u00e7\u00e3o Pol\u00edtico e Sindical:<\/strong> Dalton Luiz de Menezes<br><strong>Suplente:<\/strong> Roberta Raquel<\/p>\n\n\n\n<p><strong>Secret\u00e1ria de Assuntos de Legisla\u00e7\u00e3o:<\/strong> Vera L\u00facia da Silva<br><strong>Suplente:<\/strong> Everson Deon<\/p>\n\n\n\n<p><strong>Secret\u00e1rio de Pessoal:<\/strong> Andre Fabiano de Moraes<br><strong>Suplente:<\/strong> Cristian Koliver<\/p>\n\n\n\n<p><strong>Secret\u00e1rio de Representa\u00e7\u00e3o Campus Araquari\/S\u00e3o Francisco:<\/strong> Adalto Aires Parada<br><strong>Suplente:<\/strong> Neiva de Assis<\/p>\n\n\n\n<p><strong>Secret\u00e1ria de Representa\u00e7\u00e3o Campus Cambori\u00fa:<\/strong> Catia dos Reis Machado<br><strong>Suplente:<\/strong> Sonia Regina Lamego Lino<\/p>\n\n\n\n<p><strong>Secret\u00e1rio de Representa\u00e7\u00e3o Reitoria\/Campus Blumenau:<\/strong> Daniel Minuzzi de Souza<br><strong>Suplente:<\/strong> Michel Goulart da Silva<\/p>\n\n\n\n<h4 class=\"wp-block-heading\"><strong>Bi\u00eanio 2011\/2013<\/strong><\/h4>\n\n\n\n<h3 class=\"wp-block-heading\"><em>Nominata eleita em 2011:<\/em><\/h3>\n\n\n\n<p><strong>Coordena\u00e7\u00e3o Geral:<br><\/strong>Isaias dos Santos e Mauro Bitencourt dos Santos<\/p>\n\n\n\n<p><strong>Secretaria Geral:&nbsp;<\/strong>Luciana Colussi<\/p>\n\n\n\n<p><strong>Tesoureiro Geral:&nbsp;<\/strong>Ernani Jos\u00e9 Fortunato Lisboa Enke<\/p>\n\n\n\n<p><strong>Secretaria de Comunica\u00e7\u00e3o e Forma\u00e7\u00e3o Pol\u00edtico Sindical:&nbsp;<\/strong>Roberta Raquel<\/p>\n\n\n\n<p><strong>Secretaria de Assuntos de Legisla\u00e7\u00e3o e Jur\u00eddico:&nbsp;<\/strong>Robinson Fernando Alves<\/p>\n\n\n\n<p><strong>Secretaria de Pessoal:&nbsp;<\/strong>Jakeline Becker Carbonera<\/p>\n\n\n\n<h3 class=\"wp-block-heading\"><strong><em>Dire\u00e7\u00e3o Provis\u00f3ria &#8211; Funda\u00e7\u00e3o (2010)<\/em><\/strong><\/h3>\n\n\n\n<p><strong>Coordena\u00e7\u00e3o Geral:&nbsp;<\/strong>Isaias dos Santos e Luiz Felipe Ungericht<br><\/p>\n\n\n\n<p><strong>Secretaria Geral:&nbsp;<\/strong>\u00c1gata Regiane Quissini<br><\/p>\n\n\n\n<p><strong>Tesoureiro Geral:&nbsp;<\/strong>Ernani Jos\u00e9 Fortunato Lisboa Enke<br><\/p>\n\n\n\n<p><strong>Secretaria de Assuntos Legislativos e Jur\u00eddicos:&nbsp;<\/strong>Roberta Raquel<br><\/p>\n\n\n\n<p><strong>Secretaria de Comunica\u00e7\u00e3o e Forma\u00e7\u00e3o Pol\u00edtico Sindical:&nbsp;<\/strong>Marcel Amaral Daoud<br><\/p>\n\n\n\n<p><strong>Secretaria de Pessoal:&nbsp;<\/strong>Daiana Henrique Maria<\/p>\n\n\n\n<h4 class=\"has-text-align-center wp-block-heading\"><a href=\"https:\/\/www.sinasefe-ifc.org\/litoral\/o-sindicato\/diretoria\/\">DIRE\u00c7\u00c3O ATUAL DO SINDICATO<\/a><\/h4>\n\n\n\n<p class=\"has-text-align-center\"><a href=\"https:\/\/www.sinasefe-ifc.org\/litoral\/o-sindicato\/conselho-fiscal\/\">Conselho Fiscal<\/a> | <a href=\"https:\/\/www.sinasefe-ifc.org\/litoral\/o-sindicato\/conselho-fiscal\/conselhos-fiscais-historico\/\">Conselhos Fiscais anteriores<\/a><\/p>\n","protected":false},"excerpt":{"rendered":"<p>Bi\u00eanio 2020\/2022 \u2013 Chapa \u201cVoz Ativa\u201d Nominata que encerrou a gest\u00e3o, em 2022*: Coordenador Geral Guilherme MiglioriniCoordenadora Geral Keli Castro Carneiro Secret\u00e1ria Geral Mariane Rodrigues de SouzaAdjunto(a) Em vac\u00e2ncia Tesoureiro [&hellip;]<\/p>\n","protected":false},"author":2,"featured_media":0,"parent":131,"menu_order":6,"comment_status":"closed","ping_status":"open","template":"","meta":{"_uag_custom_page_level_css":"","footnotes":""},"class_list":["post-1198","page","type-page","status-publish","hentry"],"uagb_featured_image_src":{"full":false,"thumbnail":false,"medium":false,"medium_large":false,"large":false,"1536x1536":false,"2048x2048":false,"post-thumbnail":false,"cenote-full-width":false,"cenote-post":false,"cenote-post-auto":false,"mailpoet_newsletter_max":false},"uagb_author_info":{"display_name":"Sinasefe Litoral","author_link":"https:\/\/www.sinasefe-ifc.org\/litoral\/author\/marilia\/"},"uagb_comment_info":0,"uagb_excerpt":"Bi\u00eanio 2020\/2022 \u2013 Chapa \u201cVoz Ativa\u201d Nominata que encerrou a gest\u00e3o, em 2022*: Coordenador Geral Guilherme MiglioriniCoordenadora Geral Keli Castro Carneiro Secret\u00e1ria Geral Mariane Rodrigues de SouzaAdjunto(a) Em vac\u00e2ncia Tesoureiro [&hellip;]","jetpack_sharing_enabled":true,"jetpack_shortlink":"https:\/\/wp.me\/P9YpaO-jk","_links":{"self":[{"href":"https:\/\/www.sinasefe-ifc.org\/litoral\/wp-json\/wp\/v2\/pages\/1198","targetHints":{"allow":["GET"]}}],"collection":[{"href":"https:\/\/www.sinasefe-ifc.org\/litoral\/wp-json\/wp\/v2\/pages"}],"about":[{"href":"https:\/\/www.sinasefe-ifc.org\/litoral\/wp-json\/wp\/v2\/types\/page"}],"author":[{"embeddable":true,"href":"https:\/\/www.sinasefe-ifc.org\/litoral\/wp-json\/wp\/v2\/users\/2"}],"replies":[{"embeddable":true,"href":"https:\/\/www.sinasefe-ifc.org\/litoral\/wp-json\/wp\/v2\/comments?post=1198"}],"version-history":[{"count":22,"href":"https:\/\/www.sinasefe-ifc.org\/litoral\/wp-json\/wp\/v2\/pages\/1198\/revisions"}],"predecessor-version":[{"id":9867,"href":"https:\/\/www.sinasefe-ifc.org\/litoral\/wp-json\/wp\/v2\/pages\/1198\/revisions\/9867"}],"up":[{"embeddable":true,"href":"https:\/\/www.sinasefe-ifc.org\/litoral\/wp-json\/wp\/v2\/pages\/131"}],"wp:attachment":[{"href":"https:\/\/www.sinasefe-ifc.org\/litoral\/wp-json\/wp\/v2\/media?parent=1198"}],"curies":[{"name":"wp","href":"https:\/\/api.w.org\/{rel}","templated":true}]}}