{"id":12,"date":"2015-01-21T17:59:52","date_gmt":"2015-01-21T19:59:52","guid":{"rendered":"http:\/\/www.sinasefe-ifc.org\/litoral\/?page_id=12"},"modified":"2024-04-03T12:15:23","modified_gmt":"2024-04-03T15:15:23","slug":"filiacao","status":"publish","type":"page","link":"https:\/\/www.sinasefe-ifc.org\/litoral\/filiacao\/","title":{"rendered":"Filia\u00e7\u00e3o"},"content":{"rendered":"\n<div style=\"height:20px\" aria-hidden=\"true\" class=\"wp-block-spacer\"><\/div>\n\n\n\n<p class=\"has-text-align-center\"><a href=\"#sigepe\"><strong>&gt;&gt;&gt; Como cadastrar consigna\u00e7\u00e3o no SIGEPE (autoriza cobran\u00e7a da mensalidade) &lt;&lt;&lt;<\/strong><\/a><\/p>\n\n\n\n<div style=\"height:20px\" aria-hidden=\"true\" class=\"wp-block-spacer\"><\/div>\n\n\n\n<p> A Se\u00e7\u00e3o Litoral do SINASEFE, como representante dos docentes e t\u00e9cnico-administrativos em educa\u00e7\u00e3o das unidades Araquari, Blumenau (Campus e Reitoria), Brusque, Cambori\u00fa, S\u00e3o Bento do Sul e S\u00e3o Francisco do Sul do Instituto Federal Catarinense (IFC), <em><strong>trabalha em prol da melhoria das condi\u00e7\u00f5es de trabalho e na defesa dos direitos dos servidores do IFC<\/strong><\/em>.<\/p>\n\n\n\n<figure class=\"wp-block-image size-large\"><img data-recalc-dims=\"1\" decoding=\"async\" width=\"770\" height=\"257\" data-attachment-id=\"7631\" data-permalink=\"https:\/\/www.sinasefe-ifc.org\/litoral\/filiacao\/attachment\/campanha-filiacao-sem-botao-2-2\/\" data-orig-file=\"https:\/\/i0.wp.com\/www.sinasefe-ifc.org\/litoral\/wp-content\/uploads\/2021\/06\/campanha-filiacao-sem-botao.2.jpg?fit=1800%2C600&amp;ssl=1\" data-orig-size=\"1800,600\" data-comments-opened=\"0\" data-image-meta=\"{&quot;aperture&quot;:&quot;0&quot;,&quot;credit&quot;:&quot;&quot;,&quot;camera&quot;:&quot;&quot;,&quot;caption&quot;:&quot;&quot;,&quot;created_timestamp&quot;:&quot;0&quot;,&quot;copyright&quot;:&quot;&quot;,&quot;focal_length&quot;:&quot;0&quot;,&quot;iso&quot;:&quot;0&quot;,&quot;shutter_speed&quot;:&quot;0&quot;,&quot;title&quot;:&quot;&quot;,&quot;orientation&quot;:&quot;0&quot;}\" data-image-title=\"campanha-filiacao-sem-botao.2\" data-image-description=\"\" data-image-caption=\"\" data-medium-file=\"https:\/\/i0.wp.com\/www.sinasefe-ifc.org\/litoral\/wp-content\/uploads\/2021\/06\/campanha-filiacao-sem-botao.2.jpg?fit=770%2C257&amp;ssl=1\" data-large-file=\"https:\/\/i0.wp.com\/www.sinasefe-ifc.org\/litoral\/wp-content\/uploads\/2021\/06\/campanha-filiacao-sem-botao.2.jpg?fit=770%2C257&amp;ssl=1\" src=\"https:\/\/i0.wp.com\/www.sinasefe-ifc.org\/litoral\/wp-content\/uploads\/2021\/06\/campanha-filiacao-sem-botao.2.jpg?resize=770%2C257&#038;ssl=1\" alt=\"\" class=\"wp-image-7631\" srcset=\"https:\/\/i0.wp.com\/www.sinasefe-ifc.org\/litoral\/wp-content\/uploads\/2021\/06\/campanha-filiacao-sem-botao.2.jpg?resize=1500%2C500&amp;ssl=1 1500w, https:\/\/i0.wp.com\/www.sinasefe-ifc.org\/litoral\/wp-content\/uploads\/2021\/06\/campanha-filiacao-sem-botao.2.jpg?resize=770%2C257&amp;ssl=1 770w, https:\/\/i0.wp.com\/www.sinasefe-ifc.org\/litoral\/wp-content\/uploads\/2021\/06\/campanha-filiacao-sem-botao.2.jpg?resize=150%2C50&amp;ssl=1 150w, https:\/\/i0.wp.com\/www.sinasefe-ifc.org\/litoral\/wp-content\/uploads\/2021\/06\/campanha-filiacao-sem-botao.2.jpg?resize=768%2C256&amp;ssl=1 768w, https:\/\/i0.wp.com\/www.sinasefe-ifc.org\/litoral\/wp-content\/uploads\/2021\/06\/campanha-filiacao-sem-botao.2.jpg?resize=1536%2C512&amp;ssl=1 1536w, https:\/\/i0.wp.com\/www.sinasefe-ifc.org\/litoral\/wp-content\/uploads\/2021\/06\/campanha-filiacao-sem-botao.2.jpg?resize=600%2C200&amp;ssl=1 600w, https:\/\/i0.wp.com\/www.sinasefe-ifc.org\/litoral\/wp-content\/uploads\/2021\/06\/campanha-filiacao-sem-botao.2.jpg?resize=1320%2C440&amp;ssl=1 1320w, https:\/\/i0.wp.com\/www.sinasefe-ifc.org\/litoral\/wp-content\/uploads\/2021\/06\/campanha-filiacao-sem-botao.2.jpg?w=1800&amp;ssl=1 1800w\" sizes=\"(max-width: 770px) 100vw, 770px\" \/><\/figure>\n\n\n\n<p>Para se tornar um filiado e usufruir de benef\u00edcios como Assessoria Jur\u00eddica e Conv\u00eanio Sa\u00fade preencha o formul\u00e1rio abaixo e retornaremos o contato [apenas para interessados em iniciar processo de filia\u00e7\u00e3o]<\/p>\n\n\n\n<div style=\"height:20px\" aria-hidden=\"true\" class=\"wp-block-spacer\"><\/div>\n\n\n\n<div class=\"wp-block-group has-very-light-gray-background-color has-background\"><div class=\"wp-block-group__inner-container is-layout-flow wp-block-group-is-layout-flow\"><div class=\"wp-block-jetpack-contact-form\"><a href=\"https:\/\/www.sinasefe-ifc.org\/litoral\/filiacao\/\" target=\"_blank\" rel=\"noopener noreferrer\">Envie um formul\u00e1rio.<\/a><\/div><\/div><\/div>\n\n\n\n<hr class=\"wp-block-separator has-css-opacity is-style-wide\"\/>\n\n\n\n<div style=\"height:20px\" aria-hidden=\"true\" class=\"wp-block-spacer\"><\/div>\n\n\n\n<p><\/p>\n\n\n\n<h3 class=\"wp-block-heading\">Valores<\/h3>\n\n\n\n<p>Conforme estabelecido em nosso Regimento Interno, a contribui\u00e7\u00e3o sindical mensal descontada diretamente na folha de pagamento dos filiados \u00e9 o equivalente a 1% (um porcento) da remunera\u00e7\u00e3o bruta do(a) servidor(a).<\/p>\n\n\n\n<h3 class=\"wp-block-heading\">Benef\u00edcios<\/h3>\n\n\n\n<p>A Se\u00e7\u00e3o Litoral representa os interesses dos servidores do IFC nas unidades j\u00e1 citadas em diferentes inst\u00e2ncias. Ao filiar-se, voc\u00ea ajuda a manter esta ferramenta essencial para o avan\u00e7o em seus direitos.<\/p>\n\n\n\n<p>Al\u00e9m disso, o Sindicato conta com <em><strong>Assessoria Jur\u00eddica<\/strong><\/em>, provida pelo SLPG Advogados Associados, escrit\u00f3rio especializado em quest\u00f5es envolvendo entidades de classe e o servidorismo p\u00fablico.<\/p>\n\n\n\n<p>A Se\u00e7\u00e3o mant\u00e9m ainda&nbsp;<em><strong>conv\u00eanio de Sa\u00fade com a Unimed<\/strong><\/em>, com planos nas modalidades Estadual e Nacional. Para saber mais sobre o conv\u00eanio, valores e formas de ades\u00e3o&nbsp;<a href=\"http:\/\/www.sinasefe-ifc.org\/litoral\/convenios\/unimed\/\">clique aqui<\/a>.<\/p>\n\n\n\n<h3 class=\"wp-block-heading\">Algumas palavras sobre nossos princ\u00edpios regimentais<\/h3>\n\n\n\n<p>Nossa atua\u00e7\u00e3o \u00e9 pautada em <a href=\"http:\/\/www.sinasefe-ifc.org\/litoral\/download\/arquivosinasefe\/estatutos_e_regimentos\/Regimento%20SINASEFE%20Litoral.pdf\">nosso Regimento<\/a> e no <a href=\"http:\/\/www.sinasefe-ifc.org\/litoral\/download\/arquivosinasefe\/estatutos_e_regimentos\/Estatuto%20SINASEFE%20atualizado%20pelo%2031%20CONSINASEFE%202017.pdf\">Estatuto do SINASEFE Nacional<\/a>, na defesa dos direitos e interesses coletivos ou individuais da categoria, inclusive em quest\u00f5es judiciais ou administrativas. De acordo com nosso Regimento Interno, qualquer servidor(a) docente ou t\u00e9cnico-administrativo da Educa\u00e7\u00e3o B\u00e1sica e Profissional, das microrregi\u00f5es de Blumenau, Joinville e Itaja\u00ed, ativo(a) ou inativo(a), poder\u00e1 se sindicalizar ao SINASEFE, atrav\u00e9s da Se\u00e7\u00e3o.<\/p>\n\n\n\n<p>Segundo o artigo 21 deste mesmo regimento, o ato de sindicaliza\u00e7\u00e3o \u00e9 o reconhecimento e aceita\u00e7\u00e3o imediata dos princ\u00edpios, objetivos, compromissos e demais normas estabelecidas no Regimento da Se\u00e7\u00e3o, no Estatuto e Regimento Interno do SINASEFE em esfera nacional e em outros documentos do SINASEFE.<\/p>\n\n\n\n<h3 class=\"wp-block-heading\">Direitos e deveres dos sindicalizados e das sindicalizadas<\/h3>\n\n\n\n<p>S\u00e3o deveres dos(as) sindicalizados(as) \u00e0 Se\u00e7\u00e3o: estar em dia com as mensalidades e demais contribui\u00e7\u00f5es estabelecidas; acatar o estabelecido no Regimento Interno da Se\u00e7\u00e3o, no Estatuto do SINASEFE e nas decis\u00f5es emanadas das diversas inst\u00e2ncias deliberativas deste Sindicato.<\/p>\n\n\n\n<p>S\u00e3o direitos dos(as) sindicalizados(as) \u00e0 Se\u00e7\u00e3o: participar das Assembleias Gerais, tendo direito a voz e a voto; fiscalizar a Administra\u00e7\u00e3o da Se\u00e7\u00e3o, denunciando, por escrito, qualquer irregularidade constatada; convocar Assembleia Geral em documento encaminhado \u00e0 Dire\u00e7\u00e3o da Se\u00e7\u00e3o subscrito por, no m\u00ednimo, 20% dos(as) sindicalizados(as) quites com suas obriga\u00e7\u00f5es sindicais contendo a finalidade, local e data de realiza\u00e7\u00e3o da Plen\u00e1ria.<\/p>\n\n\n\n<div style=\"height:20px\" aria-hidden=\"true\" class=\"wp-block-spacer\"><\/div>\n\n\n\n<div class=\"wp-block-columns is-layout-flex wp-container-core-columns-is-layout-9d6595d7 wp-block-columns-is-layout-flex\">\n<div class=\"wp-block-column is-layout-flow wp-block-column-is-layout-flow\">\n<div class=\"wp-block-buttons is-layout-flex wp-block-buttons-is-layout-flex\">\n<div class=\"wp-block-button\"><a class=\"wp-block-button__link has-luminous-vivid-orange-background-color has-text-color has-background wp-element-button\" href=\"https:\/\/www.sinasefe-ifc.org\/litoral\/o-sindicato\/diretoria\/\" style=\"border-radius:8px;color:#ffffff\" target=\"_blank\" rel=\"noreferrer noopener\">Dire\u00e7\u00e3o<\/a><\/div>\n<\/div>\n<\/div>\n\n\n\n<div class=\"wp-block-column is-layout-flow wp-block-column-is-layout-flow\">\n<div class=\"wp-block-buttons is-layout-flex wp-block-buttons-is-layout-flex\">\n<div class=\"wp-block-button\"><a class=\"wp-block-button__link has-luminous-vivid-orange-background-color has-background wp-element-button\" href=\"https:\/\/www.sinasefe-ifc.org\/litoral\/o-sindicato\/conselho-fiscal\/\" style=\"border-radius:8px\" target=\"_blank\" rel=\"noreferrer noopener\">Conselho Fiscal<\/a><\/div>\n<\/div>\n<\/div>\n\n\n\n<div class=\"wp-block-column is-layout-flow wp-block-column-is-layout-flow\">\n<div class=\"wp-block-buttons is-layout-flex wp-block-buttons-is-layout-flex\">\n<div class=\"wp-block-button\"><a class=\"wp-block-button__link has-luminous-vivid-orange-background-color has-background wp-element-button\" href=\"https:\/\/www.sinasefe-ifc.org\/litoral\/contato\/\" style=\"border-radius:8px\" target=\"_blank\" rel=\"noreferrer noopener\">Fale Conosco<\/a><\/div>\n<\/div>\n<\/div>\n<\/div>\n","protected":false},"excerpt":{"rendered":"<p>&gt;&gt;&gt; Como cadastrar consigna\u00e7\u00e3o no SIGEPE (autoriza cobran\u00e7a da mensalidade) &lt;&lt;&lt; A Se\u00e7\u00e3o Litoral do SINASEFE, como representante dos docentes e t\u00e9cnico-administrativos em educa\u00e7\u00e3o das unidades Araquari, Blumenau (Campus e [&hellip;]<\/p>\n","protected":false},"author":1,"featured_media":0,"parent":0,"menu_order":0,"comment_status":"closed","ping_status":"closed","template":"","meta":{"_uag_custom_page_level_css":"","footnotes":""},"class_list":["post-12","page","type-page","status-publish","hentry"],"uagb_featured_image_src":{"full":false,"thumbnail":false,"medium":false,"medium_large":false,"large":false,"1536x1536":false,"2048x2048":false,"post-thumbnail":false,"cenote-full-width":false,"cenote-post":false,"cenote-post-auto":false,"mailpoet_newsletter_max":false},"uagb_author_info":{"display_name":"SINASEFE IFC","author_link":"https:\/\/www.sinasefe-ifc.org\/litoral\/author\/webmaster\/"},"uagb_comment_info":0,"uagb_excerpt":"&gt;&gt;&gt; Como cadastrar consigna\u00e7\u00e3o no SIGEPE (autoriza cobran\u00e7a da mensalidade) &lt;&lt;&lt; A Se\u00e7\u00e3o Litoral do SINASEFE, como representante dos docentes e t\u00e9cnico-administrativos em educa\u00e7\u00e3o das unidades Araquari, Blumenau (Campus e [&hellip;]","jetpack_sharing_enabled":true,"jetpack_shortlink":"https:\/\/wp.me\/P9YpaO-c","_links":{"self":[{"href":"https:\/\/www.sinasefe-ifc.org\/litoral\/wp-json\/wp\/v2\/pages\/12","targetHints":{"allow":["GET"]}}],"collection":[{"href":"https:\/\/www.sinasefe-ifc.org\/litoral\/wp-json\/wp\/v2\/pages"}],"about":[{"href":"https:\/\/www.sinasefe-ifc.org\/litoral\/wp-json\/wp\/v2\/types\/page"}],"author":[{"embeddable":true,"href":"https:\/\/www.sinasefe-ifc.org\/litoral\/wp-json\/wp\/v2\/users\/1"}],"replies":[{"embeddable":true,"href":"https:\/\/www.sinasefe-ifc.org\/litoral\/wp-json\/wp\/v2\/comments?post=12"}],"version-history":[{"count":51,"href":"https:\/\/www.sinasefe-ifc.org\/litoral\/wp-json\/wp\/v2\/pages\/12\/revisions"}],"predecessor-version":[{"id":10553,"href":"https:\/\/www.sinasefe-ifc.org\/litoral\/wp-json\/wp\/v2\/pages\/12\/revisions\/10553"}],"wp:attachment":[{"href":"https:\/\/www.sinasefe-ifc.org\/litoral\/wp-json\/wp\/v2\/media?parent=12"}],"curies":[{"name":"wp","href":"https:\/\/api.w.org\/{rel}","templated":true}]}}