{"id":1209,"date":"2017-12-01T20:34:45","date_gmt":"2017-12-01T22:34:45","guid":{"rendered":"http:\/\/www.sinasefe-ifc.org\/litoral\/?page_id=1209"},"modified":"2020-05-07T18:47:35","modified_gmt":"2020-05-07T21:47:35","slug":"conselhos-fiscais-historico","status":"publish","type":"page","link":"https:\/\/www.sinasefe-ifc.org\/litoral\/o-sindicato\/conselho-fiscal\/conselhos-fiscais-historico\/","title":{"rendered":"Conselhos Fiscais &#8211; Hist\u00f3rico"},"content":{"rendered":"\n<h4 class=\"wp-block-heading\"><strong>Bi\u00eanio 2020\/20<\/strong>22<\/h4>\n\n\n\n<h3 class=\"wp-block-heading\">Conselheiros eleitos em 2020<\/h3>\n\n\n\n<p>Presidente: Alessandro Eziquiel da  Paix\u00e3o<br>Fl\u00e1via de Souza  Fernandes <br>Herlon Iran  Rosa<br><em>1\u00aa Suplente:<\/em> Let\u00edcia Rabelo<br><em>2\u00ba Suplente:<\/em> Ivan Carlos Serpa <\/p>\n\n\n\n<h4 class=\"wp-block-heading\"><strong>Bi\u00eanio 2017\/2019<\/strong>*<\/h4>\n\n\n\n<h3 class=\"wp-block-heading\">Conselheiros eleitos em 2017<\/h3>\n\n\n\n<p>Presidenta: Telma Zanlucas<br>Isa\u00edas dos Santos<br>Sandro Levati<br><em>Suplente:<\/em>&nbsp;Maur\u00edcio Gustavo Rodrigues<\/p>\n\n\n\n<p><em><a href=\"https:\/\/www.sinasefe-ifc.org\/litoral\/noticias\/assembleia-aprova-prorrogacao-de-mandato-da-direcao-e-compoem-comissao-eleitoral-para-novo-pleito\/\">*Mandatos prorrogados at\u00e9 2020 conforme decis\u00e3o de Assembleia em 25 de outubro de 2019<\/a><\/em><\/p>\n\n\n\n<h4 class=\"wp-block-heading\"><strong>Bi\u00eanio 2015\/2017<\/strong><\/h4>\n\n\n\n<h3 class=\"wp-block-heading\">Conselheiros eleitos em 2015<\/h3>\n\n\n\n<p><em>Presidente:<\/em> Gen\u00e9sio Jo\u00e3o Correia Jr.<br>Gilberto Cechella<br>Marcio Aparecido L\u00facio <\/p>\n\n\n\n<h4 class=\"wp-block-heading\"><strong>Bi\u00eanio 2013\/2015<\/strong><\/h4>\n\n\n\n<h3 class=\"wp-block-heading\">Conselheiros eleitos em 2013<\/h3>\n\n\n\n<p>Aujor Tadeu Cavalca Andrade<br>Gen\u00e9sio Jo\u00e3o Correia J\u00fanior<br>Sandro Marcos Levati <\/p>\n\n\n\n<h4 class=\"wp-block-heading\"><strong>Bi\u00eanio 2011\/2013<\/strong><\/h4>\n\n\n\n<h3 class=\"wp-block-heading\">Conselheiros eleitos em 2011<\/h3>\n\n\n\n<p> Felipe Pereira Canever<br>Vania Leonardelli Pereira<br>Luis Fernando Kluge <\/p>\n\n\n\n<h3 class=\"wp-block-heading\">Conselho provis\u00f3rio (2010-2011)<\/h3>\n\n\n\n<p>Luis Fernando Kluge<br> Vania Leonardelli Pereira<br> Juarez Nelson Alves de Lima<br><em>Suplente:<\/em> Marcos Alexandre Heinig<\/p>\n\n\n\n<h4 class=\"wp-block-heading\" style=\"text-align:center\"><strong><a href=\"http:\/\/www.sinasefe-ifc.org\/litoral\/conselho-fiscal\">CONSELHO FISCAL&nbsp;ATUAL<\/a><\/strong><\/h4>\n\n\n\n<p style=\"text-align:center\"><a href=\"https:\/\/www.sinasefe-ifc.org\/litoral\/o-sindicato\/diretoria\/\">Dire\u00e7\u00e3o<\/a>&nbsp;|&nbsp;<a href=\"https:\/\/www.sinasefe-ifc.org\/litoral\/o-sindicato\/diretoria\/historico-de-direcoes\/\">Dire\u00e7\u00f5es anteriores<\/a><\/p>\n","protected":false},"excerpt":{"rendered":"<p>Bi\u00eanio 2020\/2022 Conselheiros eleitos em 2020 Presidente: Alessandro Eziquiel da Paix\u00e3oFl\u00e1via de Souza Fernandes Herlon Iran Rosa1\u00aa Suplente: Let\u00edcia Rabelo2\u00ba Suplente: Ivan Carlos Serpa Bi\u00eanio 2017\/2019* Conselheiros eleitos em 2017 [&hellip;]<\/p>\n","protected":false},"author":2,"featured_media":0,"parent":133,"menu_order":3,"comment_status":"closed","ping_status":"closed","template":"","meta":{"_uag_custom_page_level_css":"","footnotes":""},"class_list":["post-1209","page","type-page","status-publish","hentry"],"uagb_featured_image_src":{"full":false,"thumbnail":false,"medium":false,"medium_large":false,"large":false,"1536x1536":false,"2048x2048":false,"post-thumbnail":false,"cenote-full-width":false,"cenote-post":false,"cenote-post-auto":false,"mailpoet_newsletter_max":false},"uagb_author_info":{"display_name":"Sinasefe Litoral","author_link":"https:\/\/www.sinasefe-ifc.org\/litoral\/author\/marilia\/"},"uagb_comment_info":0,"uagb_excerpt":"Bi\u00eanio 2020\/2022 Conselheiros eleitos em 2020 Presidente: Alessandro Eziquiel da Paix\u00e3oFl\u00e1via de Souza Fernandes Herlon Iran Rosa1\u00aa Suplente: Let\u00edcia Rabelo2\u00ba Suplente: Ivan Carlos Serpa Bi\u00eanio 2017\/2019* Conselheiros eleitos em 2017 [&hellip;]","jetpack_sharing_enabled":true,"jetpack_shortlink":"https:\/\/wp.me\/P9YpaO-jv","_links":{"self":[{"href":"https:\/\/www.sinasefe-ifc.org\/litoral\/wp-json\/wp\/v2\/pages\/1209","targetHints":{"allow":["GET"]}}],"collection":[{"href":"https:\/\/www.sinasefe-ifc.org\/litoral\/wp-json\/wp\/v2\/pages"}],"about":[{"href":"https:\/\/www.sinasefe-ifc.org\/litoral\/wp-json\/wp\/v2\/types\/page"}],"author":[{"embeddable":true,"href":"https:\/\/www.sinasefe-ifc.org\/litoral\/wp-json\/wp\/v2\/users\/2"}],"replies":[{"embeddable":true,"href":"https:\/\/www.sinasefe-ifc.org\/litoral\/wp-json\/wp\/v2\/comments?post=1209"}],"version-history":[{"count":9,"href":"https:\/\/www.sinasefe-ifc.org\/litoral\/wp-json\/wp\/v2\/pages\/1209\/revisions"}],"predecessor-version":[{"id":6488,"href":"https:\/\/www.sinasefe-ifc.org\/litoral\/wp-json\/wp\/v2\/pages\/1209\/revisions\/6488"}],"up":[{"embeddable":true,"href":"https:\/\/www.sinasefe-ifc.org\/litoral\/wp-json\/wp\/v2\/pages\/133"}],"wp:attachment":[{"href":"https:\/\/www.sinasefe-ifc.org\/litoral\/wp-json\/wp\/v2\/media?parent=1209"}],"curies":[{"name":"wp","href":"https:\/\/api.w.org\/{rel}","templated":true}]}}