{"id":129,"date":"2015-03-02T13:16:41","date_gmt":"2015-03-02T16:16:41","guid":{"rendered":"http:\/\/www.sinasefe-ifc.org\/litoral\/?page_id=129"},"modified":"2020-10-05T21:30:06","modified_gmt":"2020-10-06T00:30:06","slug":"historico","status":"publish","type":"page","link":"https:\/\/www.sinasefe-ifc.org\/litoral\/o-sindicato\/historico\/","title":{"rendered":"Nossa hist\u00f3ria"},"content":{"rendered":"\n<p class=\"has-drop-cap\">A Se\u00e7\u00e3o Sindical Litoral do Vale do Itaja\u00ed (SC) do Instituto Federal Catarinense (IFC) do Sindicato Nacional dos Servidores Federais da Educa\u00e7\u00e3o B\u00e1sica, Profissional e Tecnol\u00f3gica (SINASEFE) <em><strong>nasceu em 06 de outubro de 2010<\/strong><\/em>, dia em que foi realizada a primeira Assembleia Geral de docentes e t\u00e9cnico-administrativos em educa\u00e7\u00e3o do <em>Campus<\/em> Cambori\u00fa, pioneiro, junto do Campus Araquari, na funda\u00e7\u00e3o do Sindicato, e eleita a primeira dire\u00e7\u00e3o sindical provis\u00f3ria.<\/p>\n\n\n\n<p>Naquele momento, a funda\u00e7\u00e3o da Se\u00e7\u00e3o teve dois objetivos primordiais: por um lado, atender a necessidade de organizar os trabalhadores do Instituto, unindo for\u00e7as na defesa de direitos adquiridos e na busca de conquistas; por outro, assegurar aos seus representados acesso a servi\u00e7os como <a href=\"https:\/\/www.sinasefe-ifc.org\/litoral\/convenios\/unimed\/\">conv\u00eanio m\u00e9dico<\/a> e <a href=\"https:\/\/www.sinasefe-ifc.org\/litoral\/convenios\/assessoria-juridica\/\">assessoria jur\u00eddica<\/a>.<\/p>\n\n\n\n<p>De l\u00e1 para c\u00e1, a Se\u00e7\u00e3o busca se qualificar como instrumento de luta da classe trabalhadora, aproximando-se de suas disputas contra as for\u00e7as conservadoras e os governos da vez. Para isso, forma alian\u00e7as com espa\u00e7os de a\u00e7\u00e3o e debate como F\u00f3runs e Frentes Unificadas e com as demais se\u00e7\u00f5es sindicais do SINASEFE e da educa\u00e7\u00e3o federal no estado de Santa Catarina.<\/p>\n\n\n\n<h4 class=\"wp-block-heading\"><em><strong>Confira um pouco mais da hist\u00f3ria do nosso Sindicato.<\/strong><\/em><\/h4>\n\n\n\n<div style=\"height:20px\" aria-hidden=\"true\" class=\"wp-block-spacer\"><\/div>\n\n\n\n<p style=\"color:#ffffff\" class=\"has-text-color has-background has-text-align-center has-medium-font-size has-luminous-vivid-orange-background-color\"><strong>2010-2012: Funda\u00e7\u00e3o e primeira diretoria eleita<\/strong><\/p>\n\n\n\n<div style=\"height:20px\" aria-hidden=\"true\" class=\"wp-block-spacer\"><\/div>\n\n\n\n<p class=\"has-drop-cap\">Depois de empossada como dire\u00e7\u00e3o provis\u00f3ria, em 2010, a primeira coordena\u00e7\u00e3o conta com o engajamento de v\u00e1rios servidores para regularizar sua documenta\u00e7\u00e3o, obter cadastro de seu CNPJ (Cadastro Nacional de Pessoa Jur\u00eddica) e regularizar-se junto ao SINASEFE Nacional.<\/p>\n\n\n\n<p>Em novembro de 2010, assina contrato com <a href=\"https:\/\/www.sinasefe-ifc.org\/litoral\/convenios\/unimed\/\">o Plano de Sa\u00fade Unimed<\/a> e inicia o processo de cadastramento dos servidores no Sindicato.<\/p>\n\n\n\n<p>Em mar\u00e7o de 2011, comemora o cadastro de 99 sindicalizados, se expande para os <em>Campi<\/em>&nbsp;Araquari e S\u00e3o Francisco do Sul e tem a primeira entrada de recursos oriundos da contribui\u00e7\u00e3o de seus filiados. A dire\u00e7\u00e3o provis\u00f3ria encaminha tamb\u00e9m a contrata\u00e7\u00e3o de escrit\u00f3rio de advocacia e de contabilidade e garante a participa\u00e7\u00e3o da categoria em eventos de abrang\u00eancia nacional e em encontros com as demais Se\u00e7\u00f5es do SINASEFE no IFC.<\/p>\n\n\n\n<p>Em abril de 2011 \u00e9 eleita a primeira dire\u00e7\u00e3o estatut\u00e1ria da Se\u00e7\u00e3o Litoral, a chapa \u201c\u00c9tica e Cidadania\u201d, com a participa\u00e7\u00e3o de 75 dos 115 sindicalizados dos <em>Campi<\/em> Cambori\u00fa, Araquari e da Reitoria e 97,33% dos votos v\u00e1lidos. <\/p>\n\n\n\n<p>Em 2011 e 2012, o SINASEFE Litoral tem papel essencial nas duas greves dos servidores. O movimento daqueles dois anos consegue ganhos financeiros e estruturais importantes, como reajustes entre 15 e 45% escalonados em tr\u00eas parcelas, o reconhecimento da progress\u00e3o da carreira docente, do Reconhecimento de Saberes e Compet\u00eancias (RSC) para os docentes, valoriza\u00e7\u00e3o da capacita\u00e7\u00e3o dos t\u00e9cnico-administrativos em educa\u00e7\u00e3o, al\u00e9m de recursos e condi\u00e7\u00f5es para capacita\u00e7\u00e3o de docentes e TAEs, entre outras pautas.<br><\/p>\n\n\n\n<div style=\"height:20px\" aria-hidden=\"true\" class=\"wp-block-spacer\"><\/div>\n\n\n\n<p style=\"color:#ffffff\" class=\"has-text-color has-background has-text-align-center has-medium-font-size has-luminous-vivid-orange-background-color\"><strong>2013-2016: consolidando uma se\u00e7\u00e3o <em>multicampi<\/em><\/strong><\/p>\n\n\n\n<div style=\"height:20px\" aria-hidden=\"true\" class=\"wp-block-spacer\"><\/div>\n\n\n\n<p class=\"has-drop-cap\">Em abril de 2013, uma nova <a href=\"https:\/\/www.sinasefe-ifc.org\/litoral\/diretoria\/historico-de-direcoes\/\">Dire\u00e7\u00e3o estatut\u00e1ria<\/a> \u00e9 eleita para o Bi\u00eanio 2013\/2015. A nova cordena\u00e7\u00e3o assina um contrato de comodato com a dire\u00e7\u00e3o do <em>Campus<\/em> Cambori\u00fa para loca\u00e7\u00e3o de uma sala para o sindicato. Com a estrutura f\u00edsica montada, \u00e9 contratada uma secret\u00e1ria para melhor atender os servidores.<\/p>\n\n\n\n<p>Em 2014, cria <em>website<\/em> pr\u00f3prio e prepara a confec\u00e7\u00e3o de um informativo impresso peri\u00f3dico para a Se\u00e7\u00e3o.<\/p>\n\n\n\n<p>Em 2015, j\u00e1 conta com mais de 270 servidores sindicalizados, abrangendo os&nbsp;<em>Campi<\/em> Araquari, Blumenau, Brusque, Cambori\u00fa, S\u00e3o Francisco do Sul e trabalhadores da Reitoria (Blumenau). O crescimento demonstra a relev\u00e2ncia das lutas em prol dos trabalhadores da Rede Federal de Educa\u00e7\u00e3o T\u00e9cnica e Tecnol\u00f3gica. O ano marca tamb\u00e9m o in\u00edcio da terceira dire\u00e7\u00e3o da Se\u00e7\u00e3o, composta pela chapa &#8220;Continuar lutando para garantir direitos&#8221;.<\/p>\n\n\n\n<p>2016 fica marcado por mais uma greve forte da categoria docente e TAE no Instituto. A Se\u00e7\u00e3o passa a abarcar o novo campus de S\u00e3o Bento do Sul e segue crescendo em n\u00famero de filiados. Comp\u00f5e, entre outros espa\u00e7os, a constru\u00e7\u00e3o do II ENE, Encontro Nacional de Educa\u00e7\u00e3o, onde s\u00e3o debatidas as principais bandeiras de luta dos educadores do pa\u00eds.<\/p>\n\n\n\n<div style=\"height:20px\" aria-hidden=\"true\" class=\"wp-block-spacer\"><\/div>\n\n\n\n<p style=\"color:#ffffff\" class=\"has-text-color has-background has-text-align-center has-medium-font-size has-luminous-vivid-orange-background-color\"><strong>2017-2020: uma hist\u00f3ria em permanente constru\u00e7\u00e3o<\/strong><\/p>\n\n\n\n<div style=\"height:20px\" aria-hidden=\"true\" class=\"wp-block-spacer\"><\/div>\n\n\n\n<p class=\"has-drop-cap\">Em 2017, <a href=\"https:\/\/www.sinasefe-ifc.org\/litoral\/category\/noticias\/eleicoes17\/\">novo pleito eleitoral para Dire\u00e7\u00e3o e Conselho Fiscal da entidade<\/a>, elege a chapa \u201cVozes em Luta\u201d. O ano \u00e9 marcado pelo movimento \u201cFora Temer\u201d, que <a href=\"https:\/\/www.sinasefe-ifc.org\/litoral\/noticias\/fora-temer-primeiro-dia-do-consinasefe-termina-em-manifestacao-pelas-ruas-de-salvador\/\">ganhou for\u00e7a em meio a realiza\u00e7\u00e3o do 31\u00ba Congresso do SINASEFE em Salvador-BA<\/a>, e de a\u00e7\u00f5es como <a href=\"https:\/\/www.sinasefe-ifc.org\/litoral\/noticias\/greve-geral-em-blumenau-foi-de-piquete-de-mobilizacao-e-ato-unificado\/\">a Greve Geral de 30 de junho<\/a>.<\/p>\n\n\n\n<p>Durante o ano a Se\u00e7\u00e3o organiza debates tem\u00e1ticos em conjunto com outras entidades, como sobre <a href=\"https:\/\/www.sinasefe-ifc.org\/litoral\/noticias\/debate-mostrou-riscos-da-reforma-da-previdencia\/\">a Reforma da Previd\u00eancia proposta por Temer e seus riscos aos trabalhadores<\/a>, e organiza espa\u00e7os de forma\u00e7\u00e3o aos seus filiados. A contrata\u00e7\u00e3o de um jornalista, em abril, refor\u00e7a a import\u00e2ncia da comunica\u00e7\u00e3o no fortalecimento da organiza\u00e7\u00e3o.<\/p>\n\n\n\n<p>Em 2018, a Se\u00e7\u00e3o retoma a publica\u00e7\u00e3o de informativos impressos peri\u00f3dicos com <a href=\"https:\/\/www.sinasefe-ifc.org\/litoral\/comunicacao\/educacao\/\">a cria\u00e7\u00e3o do <em><strong>EDUC&gt;a\u00e7\u00e3o<\/strong><\/em>, boletim bimestral com foco nos principais debates dos trabalhadores dos IFs<\/a>.<\/p>\n\n\n\n<p>Realiza novos debates tem\u00e1ticos e cursos de forma\u00e7\u00e3o, buscando aprofundar seus filiados em temas centrais da luta dos trabalhadores. Em agosto, <a href=\"https:\/\/www.sinasefe-ifc.org\/litoral\/noticias\/nova-sede-sindicato-passa-a-atender-na-r-porto-alegre-centro-de-camboriu\/\">transfere sua Sede para um novo endere\u00e7o, no centro de Cambori\u00fa<\/a> e <a href=\"https:\/\/www.sinasefe-ifc.org\/litoral\/noticias\/assistente-administrativo-resultado-final-da-selecao\/\">contrata uma segunda funcion\u00e1ria para organiza\u00e7\u00e3o de sua sede e dos fluxos de trabalho do Sindicato<\/a>.<\/p>\n\n\n\n<p>Diante de um 2019 de  incertezas e ataques aos trabalhadores, a Se\u00e7\u00e3o lan\u00e7a o <a rel=\"noreferrer noopener\" aria-label=\"Potemkin (abre numa nova aba)\" href=\"https:\/\/www.potemkin.sinasefe-ifc.org\/\" target=\"_blank\">Potemkin<\/a>, peri\u00f3dico cient\u00edfico pioneiro no SINASEFE, com reflex\u00f5es aprofundadas sobre Educa\u00e7\u00e3o e Trabalho no pa\u00eds. As Assembleias do Sindicato tamb\u00e9m passam por uma transforma\u00e7\u00e3o: cada plen\u00e1ria passa a contar com espa\u00e7os de debates e forma\u00e7\u00e3o junto das discuss\u00f5es sobre os rumos da organiza\u00e7\u00e3o sindical.<\/p>\n\n\n\n<p>Em 2020, ano em que a Se\u00e7\u00e3o completa sua primeira d\u00e9cada de vida dedicada aos trabalhadores e suas pautas, a pandemia de Covid-19 obriga o Sindicato a realizar sua primeira assembleia virtual e <a href=\"https:\/\/www.sinasefe-ifc.org\/litoral\/category\/noticias\/eleicoes\/eleicoes-2020\/\">um processo eleitoral conduzido de maneira totalmente remota<\/a>. A nova gest\u00e3o, formada pela chapa &#8220;Voz Ativa&#8221;, toma posse em maio. Junho marca <a rel=\"noreferrer noopener\" aria-label=\"o lan\u00e7amento do segundo n\u00famero do Potemkin (abre numa nova aba)\" href=\"https:\/\/www.sinasefe-ifc.org\/litoral\/noticias\/publicado-segundo-numero-de-nosso-periodico-cientifico\/\" target=\"_blank\">o lan\u00e7amento do segundo n\u00famero do Potemkin<\/a>, com a primeira experi\u00eancia de transmiss\u00e3o ao vivo no <a rel=\"noreferrer noopener\" aria-label=\"canal do Sindicato no Youtube (abre numa nova aba)\" href=\"https:\/\/www.youtube.com\/channel\/UCdRTlZ-lQDXgOj3agbV-ARw\" target=\"_blank\">canal do Sindicato no <\/a><em><a rel=\"noreferrer noopener\" aria-label=\"canal do Sindicato no Youtube (abre numa nova aba)\" href=\"https:\/\/www.youtube.com\/channel\/UCdRTlZ-lQDXgOj3agbV-ARw\" target=\"_blank\">Youtube<\/a><\/em>.<\/p>\n\n\n\n<div style=\"height:20px\" aria-hidden=\"true\" class=\"wp-block-spacer\"><\/div>\n\n\n\n<div class=\"wp-block-button alignleft\"><a class=\"wp-block-button__link has-background has-luminous-vivid-orange-background-color no-border-radius\" href=\"https:\/\/www.sinasefe-ifc.org\/litoral\/o-sindicato\/diretoria\/\">Dire\u00e7\u00e3o<\/a><\/div>\n\n\n\n<div class=\"wp-block-button alignleft\"><a class=\"wp-block-button__link has-background has-luminous-vivid-orange-background-color no-border-radius\" href=\"https:\/\/www.sinasefe-ifc.org\/litoral\/filiacao\/\">Filie-se<\/a><\/div>\n\n\n\n<div class=\"wp-block-button alignleft\"><a class=\"wp-block-button__link has-background has-luminous-vivid-orange-background-color no-border-radius\" href=\"https:\/\/www.sinasefe-ifc.org\/litoral\/o-sindicato\/conselho-fiscal\/\">Conselho Fiscal<\/a><\/div>\n\n\n\n<div class=\"wp-block-button alignleft\"><a class=\"wp-block-button__link has-background has-luminous-vivid-orange-background-color no-border-radius\" href=\"https:\/\/www.sinasefe-ifc.org\/litoral\/contato\/\/\">Fale conosco<\/a><\/div>\n","protected":false},"excerpt":{"rendered":"<p>A Se\u00e7\u00e3o Sindical Litoral do Vale do Itaja\u00ed (SC) do Instituto Federal Catarinense (IFC) do Sindicato Nacional dos Servidores Federais da Educa\u00e7\u00e3o B\u00e1sica, Profissional e Tecnol\u00f3gica (SINASEFE) nasceu em 06 [&hellip;]<\/p>\n","protected":false},"author":1,"featured_media":0,"parent":10,"menu_order":0,"comment_status":"closed","ping_status":"closed","template":"","meta":{"_uag_custom_page_level_css":"","footnotes":""},"class_list":["post-129","page","type-page","status-publish","hentry"],"uagb_featured_image_src":{"full":false,"thumbnail":false,"medium":false,"medium_large":false,"large":false,"1536x1536":false,"2048x2048":false,"post-thumbnail":false,"cenote-full-width":false,"cenote-post":false,"cenote-post-auto":false,"mailpoet_newsletter_max":false},"uagb_author_info":{"display_name":"SINASEFE IFC","author_link":"https:\/\/www.sinasefe-ifc.org\/litoral\/author\/webmaster\/"},"uagb_comment_info":0,"uagb_excerpt":"A Se\u00e7\u00e3o Sindical Litoral do Vale do Itaja\u00ed (SC) do Instituto Federal Catarinense (IFC) do Sindicato Nacional dos Servidores Federais da Educa\u00e7\u00e3o B\u00e1sica, Profissional e Tecnol\u00f3gica (SINASEFE) nasceu em 06 [&hellip;]","jetpack_sharing_enabled":true,"jetpack_shortlink":"https:\/\/wp.me\/P9YpaO-25","_links":{"self":[{"href":"https:\/\/www.sinasefe-ifc.org\/litoral\/wp-json\/wp\/v2\/pages\/129","targetHints":{"allow":["GET"]}}],"collection":[{"href":"https:\/\/www.sinasefe-ifc.org\/litoral\/wp-json\/wp\/v2\/pages"}],"about":[{"href":"https:\/\/www.sinasefe-ifc.org\/litoral\/wp-json\/wp\/v2\/types\/page"}],"author":[{"embeddable":true,"href":"https:\/\/www.sinasefe-ifc.org\/litoral\/wp-json\/wp\/v2\/users\/1"}],"replies":[{"embeddable":true,"href":"https:\/\/www.sinasefe-ifc.org\/litoral\/wp-json\/wp\/v2\/comments?post=129"}],"version-history":[{"count":30,"href":"https:\/\/www.sinasefe-ifc.org\/litoral\/wp-json\/wp\/v2\/pages\/129\/revisions"}],"predecessor-version":[{"id":7018,"href":"https:\/\/www.sinasefe-ifc.org\/litoral\/wp-json\/wp\/v2\/pages\/129\/revisions\/7018"}],"up":[{"embeddable":true,"href":"https:\/\/www.sinasefe-ifc.org\/litoral\/wp-json\/wp\/v2\/pages\/10"}],"wp:attachment":[{"href":"https:\/\/www.sinasefe-ifc.org\/litoral\/wp-json\/wp\/v2\/media?parent=129"}],"curies":[{"name":"wp","href":"https:\/\/api.w.org\/{rel}","templated":true}]}}