{"id":131,"date":"2015-03-02T13:17:04","date_gmt":"2015-03-02T16:17:04","guid":{"rendered":"http:\/\/www.sinasefe-ifc.org\/litoral\/?page_id=131"},"modified":"2025-07-03T23:18:14","modified_gmt":"2025-07-04T02:18:14","slug":"diretoria","status":"publish","type":"page","link":"https:\/\/www.sinasefe-ifc.org\/litoral\/o-sindicato\/diretoria\/","title":{"rendered":"Diretoria"},"content":{"rendered":"\n<h3 class=\"wp-block-heading\"><strong>Bi\u00eanio 2024-2026<\/strong><\/h3>\n\n\n\n<h3 class=\"wp-block-heading\"><strong>Chapa: Educadores na Luta<\/strong><\/h3>\n\n\n\n<p><strong>Coordena\u00e7\u00e3o Geral<\/strong><\/p>\n\n\n\n<ul class=\"wp-block-list\">\n<li>Coordenador Geral 1: H\u00e9rlon Iran Rosa<\/li>\n\n\n\n<li>Coordenadora Geral 2: D\u00e9bora Regina Claudiano<\/li>\n<\/ul>\n\n\n\n<p><strong>Secretaria Geral<\/strong><\/p>\n\n\n\n<ul class=\"wp-block-list\">\n<li>Secret\u00e1ria Geral: Jamile Delagnelo Fagundes da Silva<\/li>\n\n\n\n<li>Secret\u00e1ria Geral Adjunta: Simone Elisa Mai<\/li>\n<\/ul>\n\n\n\n<p><strong>Tesouraria<\/strong><\/p>\n\n\n\n<ul class=\"wp-block-list\">\n<li>Tesoureira: Fl\u00e1via Walter<\/li>\n\n\n\n<li>Tesoureira Adjunta: Tamiris Bauer Grimaldi <\/li>\n<\/ul>\n\n\n\n<p><strong>Secretaria de Comunica\u00e7\u00e3o e Forma\u00e7\u00e3o Pol\u00edtica e Sindical<\/strong><\/p>\n\n\n\n<ul class=\"wp-block-list\">\n<li>Secret\u00e1rio: Daniel Shikanai Kerr<\/li>\n\n\n\n<li>Secret\u00e1rio Adjunto: Joeci Ricardo Godoi<\/li>\n<\/ul>\n\n\n\n<p><strong>Secretaria de Assuntos Legislativos e Jur\u00eddicos<\/strong><\/p>\n\n\n\n<ul class=\"wp-block-list\">\n<li>Secret\u00e1rio: Rodrigo Nogueira Giovanni<\/li>\n\n\n\n<li>Secret\u00e1rio Adjunto: Edgar Dellas Giustina<\/li>\n<\/ul>\n\n\n\n<p><strong>Secretaria de Pessoal<\/strong><\/p>\n\n\n\n<ul class=\"wp-block-list\">\n<li>Secret\u00e1rio: Frederico Andres Bazana<\/li>\n\n\n\n<li>Secret\u00e1ria Adjunta: Evandina Argena da Silva<\/li>\n<\/ul>\n\n\n\n<p><strong>Representa\u00e7\u00e3o dos Campi Araquari, S\u00e3o Francisco do Sul e S\u00e3o Bento do Sul<\/strong><\/p>\n\n\n\n<ul class=\"wp-block-list\">\n<li>Secret\u00e1rio: F\u00e1bio Vieira<\/li>\n\n\n\n<li>Secret\u00e1ria Adjunta: Daniela Koster <\/li>\n<\/ul>\n\n\n\n<p><strong>Representa\u00e7\u00e3o dos Campi Cambori\u00fa e Brusque<\/strong><\/p>\n\n\n\n<ul class=\"wp-block-list\">\n<li>Secret\u00e1ria: Luciana Colussi<\/li>\n\n\n\n<li>Secret\u00e1rio Adjunto: Frankie Tiegs<\/li>\n<\/ul>\n\n\n\n<p><strong>Representa\u00e7\u00e3o do Campus Blumenau e Reitoria<\/strong><\/p>\n\n\n\n<ul class=\"wp-block-list\">\n<li>Secret\u00e1ria: Andressa Torinelli<\/li>\n\n\n\n<li>Secret\u00e1rio Adjunto: Jo\u00e3o Carlos Cichaczewski<\/li>\n<\/ul>\n\n\n\n<hr class=\"wp-block-separator has-alpha-channel-opacity\"\/>\n\n\n\n<h3 class=\"wp-block-heading\"><strong>Conselho Fiscal<\/strong><\/h3>\n\n\n\n<ul class=\"wp-block-list\">\n<li>1\u00aa Conselheira: Roberta Raquel<\/li>\n\n\n\n<li>2\u00ba Conselheiro: Ot\u00e1vio Patr\u00edcio Netto<\/li>\n\n\n\n<li>3\u00aa Conselheira: Claudia Ferreira<\/li>\n<\/ul>\n\n\n\n<p><\/p>\n\n\n\n<h4 class=\"wp-block-heading has-text-align-center\"><strong><a href=\"http:\/\/www.sinasefe-ifc.org\/litoral\/diretoria\/historico-de-direcoes\/\">HIST\u00d3RICO DE DIRE\u00c7\u00d5ES SINDICAIS<\/a><\/strong><\/h4>\n\n\n\n<p class=\"has-text-align-center\"><a href=\"https:\/\/www.sinasefe-ifc.org\/litoral\/o-sindicato\/conselho-fiscal\/\">Conselho Fiscal<\/a> | <a href=\"https:\/\/www.sinasefe-ifc.org\/litoral\/o-sindicato\/conselho-fiscal\/conselhos-fiscais-historico\/\">Conselhos Fiscais anteriores<\/a><\/p>\n","protected":false},"excerpt":{"rendered":"<p>Bi\u00eanio 2024-2026 Chapa: Educadores na Luta Coordena\u00e7\u00e3o Geral Secretaria Geral Tesouraria Secretaria de Comunica\u00e7\u00e3o e Forma\u00e7\u00e3o Pol\u00edtica e Sindical Secretaria de Assuntos Legislativos e Jur\u00eddicos Secretaria de Pessoal Representa\u00e7\u00e3o dos [&hellip;]<\/p>\n","protected":false},"author":1,"featured_media":0,"parent":10,"menu_order":0,"comment_status":"closed","ping_status":"closed","template":"","meta":{"_uag_custom_page_level_css":"","footnotes":""},"class_list":["post-131","page","type-page","status-publish","hentry"],"uagb_featured_image_src":{"full":false,"thumbnail":false,"medium":false,"medium_large":false,"large":false,"1536x1536":false,"2048x2048":false,"post-thumbnail":false,"cenote-full-width":false,"cenote-post":false,"cenote-post-auto":false,"mailpoet_newsletter_max":false},"uagb_author_info":{"display_name":"SINASEFE IFC","author_link":"https:\/\/www.sinasefe-ifc.org\/litoral\/author\/webmaster\/"},"uagb_comment_info":0,"uagb_excerpt":"Bi\u00eanio 2024-2026 Chapa: Educadores na Luta Coordena\u00e7\u00e3o Geral Secretaria Geral Tesouraria Secretaria de Comunica\u00e7\u00e3o e Forma\u00e7\u00e3o Pol\u00edtica e Sindical Secretaria de Assuntos Legislativos e Jur\u00eddicos Secretaria de Pessoal Representa\u00e7\u00e3o dos [&hellip;]","jetpack_sharing_enabled":true,"jetpack_shortlink":"https:\/\/wp.me\/P9YpaO-27","_links":{"self":[{"href":"https:\/\/www.sinasefe-ifc.org\/litoral\/wp-json\/wp\/v2\/pages\/131","targetHints":{"allow":["GET"]}}],"collection":[{"href":"https:\/\/www.sinasefe-ifc.org\/litoral\/wp-json\/wp\/v2\/pages"}],"about":[{"href":"https:\/\/www.sinasefe-ifc.org\/litoral\/wp-json\/wp\/v2\/types\/page"}],"author":[{"embeddable":true,"href":"https:\/\/www.sinasefe-ifc.org\/litoral\/wp-json\/wp\/v2\/users\/1"}],"replies":[{"embeddable":true,"href":"https:\/\/www.sinasefe-ifc.org\/litoral\/wp-json\/wp\/v2\/comments?post=131"}],"version-history":[{"count":35,"href":"https:\/\/www.sinasefe-ifc.org\/litoral\/wp-json\/wp\/v2\/pages\/131\/revisions"}],"predecessor-version":[{"id":11240,"href":"https:\/\/www.sinasefe-ifc.org\/litoral\/wp-json\/wp\/v2\/pages\/131\/revisions\/11240"}],"up":[{"embeddable":true,"href":"https:\/\/www.sinasefe-ifc.org\/litoral\/wp-json\/wp\/v2\/pages\/10"}],"wp:attachment":[{"href":"https:\/\/www.sinasefe-ifc.org\/litoral\/wp-json\/wp\/v2\/media?parent=131"}],"curies":[{"name":"wp","href":"https:\/\/api.w.org\/{rel}","templated":true}]}}