{"id":133,"date":"2015-03-02T13:17:42","date_gmt":"2015-03-02T16:17:42","guid":{"rendered":"http:\/\/www.sinasefe-ifc.org\/litoral\/?page_id=133"},"modified":"2025-07-03T23:18:08","modified_gmt":"2025-07-04T02:18:08","slug":"conselho-fiscal","status":"publish","type":"page","link":"https:\/\/www.sinasefe-ifc.org\/litoral\/o-sindicato\/conselho-fiscal\/","title":{"rendered":"Conselho Fiscal"},"content":{"rendered":"\n<h3 class=\"wp-block-heading\">Bi\u00eanio 2024-2026<\/h3>\n\n\n\n<p>1\u00aa Conselheira: Roberta Raquel<\/p>\n\n\n\n<ul class=\"wp-block-list\">\n<li>2\u00ba Conselheiro: Ot\u00e1vio Patr\u00edcio Netto<\/li>\n\n\n\n<li>3\u00aa Conselheira: Claudia Ferreira<\/li>\n<\/ul>\n\n\n\n<p><\/p>\n\n\n\n<p><\/p>\n\n\n\n<h4 class=\"wp-block-heading has-text-align-center\"><strong><a href=\"http:\/\/www.sinasefe-ifc.org\/litoral\/conselho-fiscal\/conselhos-fiscais-historico\/\">CONSELHOS FISCAIS ANTERIORES<\/a><\/strong><\/h4>\n\n\n\n<p class=\"has-text-align-center\"><a href=\"https:\/\/www.sinasefe-ifc.org\/litoral\/o-sindicato\/diretoria\/\">Dire\u00e7\u00e3o<\/a> | <a href=\"https:\/\/www.sinasefe-ifc.org\/litoral\/o-sindicato\/diretoria\/historico-de-direcoes\/\">Dire\u00e7\u00f5es anteriores<\/a><\/p>\n","protected":false},"excerpt":{"rendered":"<p>Bi\u00eanio 2024-2026 1\u00aa Conselheira: Roberta Raquel CONSELHOS FISCAIS ANTERIORES Dire\u00e7\u00e3o | Dire\u00e7\u00f5es anteriores<\/p>\n","protected":false},"author":1,"featured_media":0,"parent":10,"menu_order":0,"comment_status":"closed","ping_status":"closed","template":"","meta":{"_uag_custom_page_level_css":"","footnotes":""},"class_list":["post-133","page","type-page","status-publish","hentry"],"uagb_featured_image_src":{"full":false,"thumbnail":false,"medium":false,"medium_large":false,"large":false,"1536x1536":false,"2048x2048":false,"post-thumbnail":false,"cenote-full-width":false,"cenote-post":false,"cenote-post-auto":false,"mailpoet_newsletter_max":false},"uagb_author_info":{"display_name":"SINASEFE IFC","author_link":"https:\/\/www.sinasefe-ifc.org\/litoral\/author\/webmaster\/"},"uagb_comment_info":0,"uagb_excerpt":"Bi\u00eanio 2024-2026 1\u00aa Conselheira: Roberta Raquel CONSELHOS FISCAIS ANTERIORES Dire\u00e7\u00e3o | Dire\u00e7\u00f5es anteriores","jetpack_sharing_enabled":true,"jetpack_shortlink":"https:\/\/wp.me\/P9YpaO-29","_links":{"self":[{"href":"https:\/\/www.sinasefe-ifc.org\/litoral\/wp-json\/wp\/v2\/pages\/133","targetHints":{"allow":["GET"]}}],"collection":[{"href":"https:\/\/www.sinasefe-ifc.org\/litoral\/wp-json\/wp\/v2\/pages"}],"about":[{"href":"https:\/\/www.sinasefe-ifc.org\/litoral\/wp-json\/wp\/v2\/types\/page"}],"author":[{"embeddable":true,"href":"https:\/\/www.sinasefe-ifc.org\/litoral\/wp-json\/wp\/v2\/users\/1"}],"replies":[{"embeddable":true,"href":"https:\/\/www.sinasefe-ifc.org\/litoral\/wp-json\/wp\/v2\/comments?post=133"}],"version-history":[{"count":12,"href":"https:\/\/www.sinasefe-ifc.org\/litoral\/wp-json\/wp\/v2\/pages\/133\/revisions"}],"predecessor-version":[{"id":11239,"href":"https:\/\/www.sinasefe-ifc.org\/litoral\/wp-json\/wp\/v2\/pages\/133\/revisions\/11239"}],"up":[{"embeddable":true,"href":"https:\/\/www.sinasefe-ifc.org\/litoral\/wp-json\/wp\/v2\/pages\/10"}],"wp:attachment":[{"href":"https:\/\/www.sinasefe-ifc.org\/litoral\/wp-json\/wp\/v2\/media?parent=133"}],"curies":[{"name":"wp","href":"https:\/\/api.w.org\/{rel}","templated":true}]}}