{"id":14,"date":"2015-01-21T18:00:08","date_gmt":"2015-01-21T20:00:08","guid":{"rendered":"http:\/\/www.sinasefe-ifc.org\/litoral\/?page_id=14"},"modified":"2025-03-21T15:22:28","modified_gmt":"2025-03-21T18:22:28","slug":"convenios","status":"publish","type":"page","link":"https:\/\/www.sinasefe-ifc.org\/litoral\/o-sindicato\/convenios\/","title":{"rendered":"Conv\u00eanios"},"content":{"rendered":"\n<p>Os sindicalizados da Se\u00e7\u00e3o SINASEFE Litoral podem usufruir dos benef\u00edcios de nossos conv\u00eanios. Para utilizar os servi\u00e7os, o servidor necessita estar regularmente filiado e realizar <a href=\"https:\/\/www.sinasefe-ifc.org\/litoral\/contato\/\">contato por interm\u00e9dio do Sindicato<\/a>.<\/p>\n\n\n\n<p class=\"has-text-align-center\"><strong>Saiba mais sobre nossos conv\u00eanios!<\/strong><\/p>\n\n\n\n<div style=\"height:20px\" aria-hidden=\"true\" class=\"wp-block-spacer\"><\/div>\n\n\n\n<p class=\"has-text-align-center has-luminous-vivid-orange-background-color has-text-color has-background\" style=\"color:#ffffff\"><strong>Assessoria Jur\u00eddica<\/strong><\/p>\n\n\n\n<p>O SINASEFE Litoral oferece assessoria jur\u00eddica voltada aos interesses institucionais dos servidores sindicalizados na Se\u00e7\u00e3o das Unidades Araquari, Blumenau (Campus e Reitoria), Brusque, Cambori\u00fa, S\u00e3o Bento do Sul e S\u00e3o Francisco do Sul.<\/p>\n\n\n\n<p>A Assessoria Jur\u00eddica \u00e9 realizada pelo escrit\u00f3rio&nbsp;<a href=\"http:\/\/www.slpgadvogados.adv.br\/\">SLPG Advogados Associados<\/a>, com mais de vinte anos de hist\u00f3ria na defesa dos direitos dos servidores p\u00fablicos em Santa Catarina (confira&nbsp;<a href=\"http:\/\/www.slpgadvogados.adv.br\/blogue\">aqui<\/a>&nbsp;o blog do escrit\u00f3rio, com textos abordando temas relativos \u00e0 defesa dos direitos dos trabalhadores).<\/p>\n\n\n\n<p>O Sindicato faz o interm\u00e9dio entre servidores e assessoria, agendando atendimentos por telefone e presenciais. Saiba mais contatando <a href=\"https:\/\/www.sinasefe-ifc.org\/litoral\/contato\/\">nossa Secretaria<\/a>.<\/p>\n\n\n\n<p><strong>Plant\u00e3o Jur\u00eddico:<\/strong> A Se\u00e7\u00e3o oferece atendimento jur\u00eddico aos seus sindicalizados e sindicalizadas \u00e0s segundas-feiras, por telefone, mediante pr\u00e9vio agendamento. Tamb\u00e9m s\u00e3o realizados atendimentos presenciais na sede do SLPG Advogados, em Florian\u00f3polis, ou nos pr\u00f3prios locais de trabalho nas ocasi\u00f5es em que se realizam plant\u00f5es itinerantes, previamente combinados e divulgados pela Se\u00e7\u00e3o.<\/p>\n\n\n\n<div style=\"height:20px\" aria-hidden=\"true\" class=\"wp-block-spacer\"><\/div>\n\n\n\n<p class=\"has-text-align-center\"><strong>Saiba mais sobre a Assessoria Jur\u00eddica <a href=\"https:\/\/www.sinasefe-ifc.org\/litoral\/convenios\/assessoria-juridica\/\">AQUI<\/a><\/strong><\/p>\n\n\n\n<div style=\"height:20px\" aria-hidden=\"true\" class=\"wp-block-spacer\"><\/div>\n\n\n\n<div class=\"wp-block-buttons is-content-justification-center is-layout-flex wp-container-core-buttons-is-layout-16018d1d wp-block-buttons-is-layout-flex\">\n<div class=\"wp-block-button\"><a class=\"wp-block-button__link has-vivid-red-background-color has-background wp-element-button\" href=\"https:\/\/bit.ly\/formjuridicosl\" target=\"_blank\" rel=\"noreferrer noopener\">Formul\u00e1rio de agendamento jur\u00eddico<\/a><\/div>\n<\/div>\n\n\n\n<div style=\"height:20px\" aria-hidden=\"true\" class=\"wp-block-spacer\"><\/div>\n\n\n\n<p class=\"has-text-align-center has-luminous-vivid-orange-background-color has-text-color has-background\" style=\"color:#ffffff\"><strong>Unimed<\/strong><\/p>\n\n\n\n<p>O Sinasefe Litoral oferece os seguintes planos da Unimed para os seus sindicalizados:<\/p>\n\n\n\n<ul class=\"wp-block-list\">\n<li>1) Regional Enfermaria<\/li>\n\n\n\n<li>2) Estadual Enfermaria<\/li>\n\n\n\n<li>3) Estadual Apartamento<\/li>\n\n\n\n<li>4) Nacional Apartamento<\/li>\n<\/ul>\n\n\n\n<p>Todos os planos tem <em>coparticipa\u00e7\u00e3o de 50%<\/em> e o valor da mensalidade n\u00e3o se altera por faixa et\u00e1ria. O servidor pode acrescentar dependentes diretos (c\u00f4njuge, uni\u00e3o est\u00e1vel, filhos e enteados) ao seu plano.<\/p>\n\n\n\n<p class=\"has-text-align-center\"><strong> As condi\u00e7\u00f5es do conv\u00eanio e outras informa\u00e7\u00f5es relevantes podem ser consultadas <\/strong><a href=\"http:\/\/www.sinasefe-ifc.org\/litoral\/convenios\/unimed\/\"><strong>AQUI<\/strong><\/a><strong>.<\/strong><\/p>\n","protected":false},"excerpt":{"rendered":"<p>Os sindicalizados da Se\u00e7\u00e3o SINASEFE Litoral podem usufruir dos benef\u00edcios de nossos conv\u00eanios. Para utilizar os servi\u00e7os, o servidor necessita estar regularmente filiado e realizar contato por interm\u00e9dio do Sindicato. [&hellip;]<\/p>\n","protected":false},"author":1,"featured_media":0,"parent":10,"menu_order":0,"comment_status":"closed","ping_status":"closed","template":"","meta":{"_uag_custom_page_level_css":"","footnotes":""},"class_list":["post-14","page","type-page","status-publish","hentry"],"uagb_featured_image_src":{"full":false,"thumbnail":false,"medium":false,"medium_large":false,"large":false,"1536x1536":false,"2048x2048":false,"post-thumbnail":false,"cenote-full-width":false,"cenote-post":false,"cenote-post-auto":false,"mailpoet_newsletter_max":false},"uagb_author_info":{"display_name":"SINASEFE IFC","author_link":"https:\/\/www.sinasefe-ifc.org\/litoral\/author\/webmaster\/"},"uagb_comment_info":0,"uagb_excerpt":"Os sindicalizados da Se\u00e7\u00e3o SINASEFE Litoral podem usufruir dos benef\u00edcios de nossos conv\u00eanios. Para utilizar os servi\u00e7os, o servidor necessita estar regularmente filiado e realizar contato por interm\u00e9dio do Sindicato. [&hellip;]","jetpack_sharing_enabled":true,"jetpack_shortlink":"https:\/\/wp.me\/P9YpaO-e","_links":{"self":[{"href":"https:\/\/www.sinasefe-ifc.org\/litoral\/wp-json\/wp\/v2\/pages\/14","targetHints":{"allow":["GET"]}}],"collection":[{"href":"https:\/\/www.sinasefe-ifc.org\/litoral\/wp-json\/wp\/v2\/pages"}],"about":[{"href":"https:\/\/www.sinasefe-ifc.org\/litoral\/wp-json\/wp\/v2\/types\/page"}],"author":[{"embeddable":true,"href":"https:\/\/www.sinasefe-ifc.org\/litoral\/wp-json\/wp\/v2\/users\/1"}],"replies":[{"embeddable":true,"href":"https:\/\/www.sinasefe-ifc.org\/litoral\/wp-json\/wp\/v2\/comments?post=14"}],"version-history":[{"count":27,"href":"https:\/\/www.sinasefe-ifc.org\/litoral\/wp-json\/wp\/v2\/pages\/14\/revisions"}],"predecessor-version":[{"id":10994,"href":"https:\/\/www.sinasefe-ifc.org\/litoral\/wp-json\/wp\/v2\/pages\/14\/revisions\/10994"}],"up":[{"embeddable":true,"href":"https:\/\/www.sinasefe-ifc.org\/litoral\/wp-json\/wp\/v2\/pages\/10"}],"wp:attachment":[{"href":"https:\/\/www.sinasefe-ifc.org\/litoral\/wp-json\/wp\/v2\/media?parent=14"}],"curies":[{"name":"wp","href":"https:\/\/api.w.org\/{rel}","templated":true}]}}