{"id":16,"date":"2015-01-21T18:00:31","date_gmt":"2015-01-21T18:00:31","guid":{"rendered":"http:\/\/www.sinasefe-ifc.org\/litoral\/?page_id=16"},"modified":"2020-06-29T16:48:50","modified_gmt":"2020-06-29T19:48:50","slug":"documentos","status":"publish","type":"page","link":"https:\/\/www.sinasefe-ifc.org\/litoral\/documentos\/","title":{"rendered":"Documentos"},"content":{"rendered":"\n<p><em>Documentos hospedados no Google Drive. Ao clicar, voc\u00ea ser\u00e1 redirecionado para a plataforma Google. N\u00e3o \u00e9 preciso login ou senha para acesso aos arquivos.<\/em><\/p>\n\n\n\n<iframe loading=\"lazy\" src=\"https:\/\/drive.google.com\/embeddedfolderview?id=1blp-71cVk9SosPsVCVwZzF-gQ_JekLli#grid\" marginheight=\"0\" marginwidth=\"0\" allowfullscreen=\"true\" mozallowfullscreen=\"true\" webkitallowfullscreen=\"true\" width=\"770\" height=\"800\" frameborder=\"0\"><\/iframe>\n","protected":false},"excerpt":{"rendered":"<p>Documentos hospedados no Google Drive. Ao clicar, voc\u00ea ser\u00e1 redirecionado para a plataforma Google. N\u00e3o \u00e9 preciso login ou senha para acesso aos arquivos.<\/p>\n","protected":false},"author":1,"featured_media":0,"parent":0,"menu_order":0,"comment_status":"closed","ping_status":"open","template":"","meta":{"_uag_custom_page_level_css":"","footnotes":""},"class_list":["post-16","page","type-page","status-publish","hentry"],"uagb_featured_image_src":{"full":false,"thumbnail":false,"medium":false,"medium_large":false,"large":false,"1536x1536":false,"2048x2048":false,"post-thumbnail":false,"cenote-full-width":false,"cenote-post":false,"cenote-post-auto":false,"mailpoet_newsletter_max":false},"uagb_author_info":{"display_name":"SINASEFE IFC","author_link":"https:\/\/www.sinasefe-ifc.org\/litoral\/author\/webmaster\/"},"uagb_comment_info":0,"uagb_excerpt":"Documentos hospedados no Google Drive. Ao clicar, voc\u00ea ser\u00e1 redirecionado para a plataforma Google. N\u00e3o \u00e9 preciso login ou senha para acesso aos arquivos.","jetpack_sharing_enabled":false,"jetpack_shortlink":"https:\/\/wp.me\/P9YpaO-g","_links":{"self":[{"href":"https:\/\/www.sinasefe-ifc.org\/litoral\/wp-json\/wp\/v2\/pages\/16","targetHints":{"allow":["GET"]}}],"collection":[{"href":"https:\/\/www.sinasefe-ifc.org\/litoral\/wp-json\/wp\/v2\/pages"}],"about":[{"href":"https:\/\/www.sinasefe-ifc.org\/litoral\/wp-json\/wp\/v2\/types\/page"}],"author":[{"embeddable":true,"href":"https:\/\/www.sinasefe-ifc.org\/litoral\/wp-json\/wp\/v2\/users\/1"}],"replies":[{"embeddable":true,"href":"https:\/\/www.sinasefe-ifc.org\/litoral\/wp-json\/wp\/v2\/comments?post=16"}],"version-history":[{"count":17,"href":"https:\/\/www.sinasefe-ifc.org\/litoral\/wp-json\/wp\/v2\/pages\/16\/revisions"}],"predecessor-version":[{"id":6936,"href":"https:\/\/www.sinasefe-ifc.org\/litoral\/wp-json\/wp\/v2\/pages\/16\/revisions\/6936"}],"wp:attachment":[{"href":"https:\/\/www.sinasefe-ifc.org\/litoral\/wp-json\/wp\/v2\/media?parent=16"}],"curies":[{"name":"wp","href":"https:\/\/api.w.org\/{rel}","templated":true}]}}