{"id":2129,"date":"2020-06-23T16:00:31","date_gmt":"2020-06-23T19:00:31","guid":{"rendered":"https:\/\/www.sinasefe-ifc.org\/litoral\/?page_id=2129"},"modified":"2020-06-23T16:03:34","modified_gmt":"2020-06-23T19:03:34","slug":"politica-de-privacidade","status":"publish","type":"page","link":"https:\/\/www.sinasefe-ifc.org\/litoral\/politica-de-privacidade\/","title":{"rendered":"Pol\u00edtica de privacidade"},"content":{"rendered":"<h2>Quem somos<\/h2>\n<p>Fundado em\u00a006 de outubro de 2010 como\u00a0Se\u00e7\u00e3o Sindical do Instituto\u00a0Federal Catarinense (IFC) \u2013 Litoral do Vale do Itaja\u00ed (SC), o SINASEFE Litoral \u00e9 o representante dos docentes e t\u00e9cnico-administrativos em educa\u00e7\u00e3o das unidades Araquari, Blumenau (Campus e Reitoria), Brusque, Cambori\u00fa, S\u00e3o Bento do Sul e S\u00e3o Francisco do Sul do Instituto Federal Catarinense.<\/p>\n<p>Desde sua funda\u00e7\u00e3o, a Se\u00e7\u00e3o trabalha em prol da melhoria das condi\u00e7\u00f5es de trabalho para os servidores e na defesa de seus direitos. Para isso, conta com o aux\u00edlio de seus filiados, que d\u00e3o sustento pol\u00edtico e financeiro ao Sindicato, que, como todas as Se\u00e7\u00f5es do SINASEFE, devolve desde sua funda\u00e7\u00e3o a contribui\u00e7\u00e3o sindical obrigat\u00f3ria, mantendo-se independente desta fonte.<\/p>\n<p>A Se\u00e7\u00e3o oferece aos seus filiados <a href=\"https:\/\/www.sinasefe-ifc.org\/litoral\/convenios\/\">Assessoria Jur\u00eddica e Plano de Sa\u00fade<\/a> e mant\u00e9m atendimento f\u00edsico em <a href=\"https:\/\/www.sinasefe-ifc.org\/litoral\/contato\/\">unidade pr\u00f3pria na cidade de Cambori\u00fa-SC<\/a>.<\/p>\n<p>Nosso site fica hospedado no endere\u00e7o virtual <em>https:\/\/www.sinasefe-ifc.org\/litoral<\/em><\/p>\n<h2>Quais dados pessoais coletamos e porque<\/h2>\n<h3>Coment\u00e1rios<\/h3>\n<p>Quando os visitantes deixam coment\u00e1rios no site, coletamos os dados mostrados no formul\u00e1rio de coment\u00e1rios, al\u00e9m do endere\u00e7o de IP e de dados do navegador do visitante, para auxiliar na detec\u00e7\u00e3o de <em>spam<\/em>.<\/p>\n<p>Uma sequ\u00eancia &#8216;anonimizada&#8217; de caracteres criada a partir do seu e-mail (tamb\u00e9m chamada de hash) poder\u00e1 ser enviada para o Gravatar para verificar se voc\u00ea usa o servi\u00e7o [a pol\u00edtica de privacidade do Gravatar est\u00e1 dispon\u00edvel <a href=\"https:\/\/automattic.com\/privacy\/\">aqui<\/a>]. Depois da aprova\u00e7\u00e3o do seu coment\u00e1rio, a foto do seu perfil fica vis\u00edvel publicamente junto de seu coment\u00e1rio.<\/p>\n<h3>M\u00eddia<\/h3>\n<p>Se voc\u00ea envia imagens para o site, evite enviar as que contenham dados de localiza\u00e7\u00e3o incorporados (EXIF GPS). Visitantes podem baixar estas imagens do site e extrair delas seus dados de localiza\u00e7\u00e3o.<\/p>\n<h3>Formul\u00e1rios de contato<\/h3>\n<p>Ao inscrever-se em nossa <em>newsletter<\/em>, os dados fornecidos s\u00e3o partilhados com o <em>plugin<\/em> respons\u00e1vel, Mailpoet [termos de privacidade dispon\u00edveis <a href=\"https:\/\/www.mailpoet.com\/privacy-notice\/\">aqui<\/a>, em ingl\u00eas].<\/p>\n<p>Informa\u00e7\u00f5es preenchidas nos formul\u00e1rios de contato podem ser partilhados com o <em>plugin<\/em> que o fornece, Contact Form 7 [termos de privacidade dispon\u00edveis <a href=\"https:\/\/br.wordpress.org\/plugins\/contact-form-7\/\">aqui<\/a>, na Se\u00e7\u00e3o &#8220;privacy notices&#8221;], assim como processados pela empresa de hospedagem do website, Hostgator [pol\u00edtica de privacidade <a href=\"https:\/\/www.hostgator.com.br\/politica-de-privacidade\">aqui<\/a>].<\/p>\n<h3>Cookies<\/h3>\n<p>Ao deixar um coment\u00e1rio no site, voc\u00ea poder\u00e1 optar por salvar seu nome, e-mail e site nos cookies. Isso visa seu conforto, assim voc\u00ea n\u00e3o precisar\u00e1 preencher seus dados novamente quando fizer outro coment\u00e1rio. Estes cookies duram um ano.<\/p>\n<p>Se voc\u00ea tem uma conta e acessa este site, um cookie tempor\u00e1rio ser\u00e1 criado para determinar se seu navegador aceita cookies. Ele n\u00e3o cont\u00e9m nenhum dado pessoal e ser\u00e1 descartado quando voc\u00ea fechar seu navegador.<\/p>\n<p>Quando voc\u00ea acessa sua conta no site, tamb\u00e9m criamos v\u00e1rios cookies para salvar os dados da sua conta e suas escolhas de exibi\u00e7\u00e3o de tela. Cookies de login s\u00e3o mantidos por dois dias e cookies de op\u00e7\u00f5es de tela por um ano. Se voc\u00ea selecionar &#8220;Lembrar-me&#8221;, seu acesso ser\u00e1 mantido por duas semanas. Se voc\u00ea se desconectar da sua conta, os cookies de login ser\u00e3o removidos.<\/p>\n<p>Se voc\u00ea editar ou publicar um artigo, um cookie adicional ser\u00e1 salvo no seu navegador. Este cookie n\u00e3o inclui nenhum dado pessoal e simplesmente indica o ID do post referente ao artigo que voc\u00ea acabou de editar. Ele expira depois de 1 dia.<\/p>\n<h3>M\u00eddia incorporada de outros sites<\/h3>\n<p>Artigos neste site podem incluir conte\u00fado incorporado como, por exemplo, v\u00eddeos, imagens, artigos, etc. Conte\u00fados incorporados de outros sites se comportam exatamente da mesma forma como se o visitante estivesse visitando o outro site.<\/p>\n<p>Estes sites podem coletar dados sobre voc\u00ea, usar cookies, incorporar rastreamento adicional de terceiros e monitorar sua intera\u00e7\u00e3o com este conte\u00fado incorporado, incluindo sua intera\u00e7\u00e3o com o conte\u00fado incorporado se voc\u00ea tem uma conta e est\u00e1 conectado com o site.<\/p>\n<h3>An\u00e1lises<\/h3>\n<p class=\"privacy-policy-tutorial\">Nosso website utiliza o <em>plugin<\/em> Jetpack [pol\u00edtica de privacidade <a href=\"https:\/\/automattic.com\/cookies\">aqui<\/a>] e Google Analytics [pol\u00edtica de privacidade <a href=\"https:\/\/policies.google.com\/technologies\/partner-sites\">aqui<\/a>]. Os dados tamb\u00e9m podem ser tratados anonimamente pela empresa de hospedagem Hostgator [pol\u00edtica de privacidade <a href=\"https:\/\/www.hostgator.com.br\/politica-de-privacidade\">aqui<\/a>].<\/p>\n<h2>Com quem partilhamos seus dados<\/h2>\n<p>Ao inscrever-se em nossa <em>newsletter<\/em>, os dados fornecidos s\u00e3o partilhados com o <em>plugin<\/em> respons\u00e1vel, Mailpoet [termos de privacidade dispon\u00edveis <a href=\"https:\/\/www.mailpoet.com\/privacy-notice\/\">aqui<\/a>, em ingl\u00eas].<\/p>\n<p>Informa\u00e7\u00f5es preenchidas nos formul\u00e1rios de contato podem ser partilhados com o <em>plugin<\/em> que o fornece, Contact Form 7 [termos de privacidade dispon\u00edveis <a href=\"https:\/\/br.wordpress.org\/plugins\/contact-form-7\/\">aqui<\/a>, na Se\u00e7\u00e3o &#8220;privacy notices&#8221;], assim como processados pela empresa de hospedagem do website, Hostgator [pol\u00edtica de privacidade <a href=\"https:\/\/www.hostgator.com.br\/politica-de-privacidade\">aqui<\/a>].<\/p>\n<p>Nosso website utiliza o <em>plugin<\/em> Jetpack [pol\u00edtica de privacidade <a href=\"https:\/\/automattic.com\/cookies\">aqui<\/a>] e Google Analytics [pol\u00edtica de privacidade <a href=\"https:\/\/policies.google.com\/technologies\/partner-sites\">aqui<\/a>]. Os dados tamb\u00e9m podem ser tratados anonimamente pela empresa de hospedagem Hostgator [pol\u00edtica de privacidade <a href=\"https:\/\/www.hostgator.com.br\/politica-de-privacidade\">aqui<\/a>].<\/p>\n<h2>Por quanto tempo mantemos os seus dados<\/h2>\n<p>Se voc\u00ea deixar um coment\u00e1rio, o coment\u00e1rio e os seus metadados s\u00e3o conservados indefinidamente. Fazemos isso para que seja poss\u00edvel reconhecer e aprovar automaticamente qualquer coment\u00e1rio posterior ao inv\u00e9s de ret\u00ea-lo para modera\u00e7\u00e3o.<\/p>\n<h2>Quais os seus direitos sobre seus dados<\/h2>\n<p>Se voc\u00ea tiver uma conta neste site ou se tiver deixado coment\u00e1rios, pode solicitar um arquivo exportado dos dados pessoais que mantemos sobre voc\u00ea, inclusive quaisquer dados que nos tenha fornecido. Tamb\u00e9m pode solicitar que removamos qualquer dado pessoal que mantemos sobre voc\u00ea. Isto n\u00e3o inclui nenhuns dados que somos obrigados a manter para prop\u00f3sitos administrativos, legais ou de seguran\u00e7a.<\/p>\n<h2>Para onde enviamos seus dados<\/h2>\n<p>Coment\u00e1rios de visitantes podem ser marcados por um servi\u00e7o autom\u00e1tico de detec\u00e7\u00e3o de spam.<\/p>\n<h2>Informa\u00e7\u00f5es de contato<\/h2>\n<p>Para contatos em rela\u00e7\u00e3o a esta pol\u00edtica de privacidade, envie e-mail para comunicalitoral@sinasefe-ifc.org<\/p>\n","protected":false},"excerpt":{"rendered":"<p>Quem somos Fundado em\u00a006 de outubro de 2010 como\u00a0Se\u00e7\u00e3o Sindical do Instituto\u00a0Federal Catarinense (IFC) \u2013 Litoral do Vale do Itaja\u00ed (SC), o SINASEFE Litoral \u00e9 o representante dos docentes e [&hellip;]<\/p>\n","protected":false},"author":1,"featured_media":0,"parent":0,"menu_order":0,"comment_status":"closed","ping_status":"closed","template":"","meta":{"_uag_custom_page_level_css":"","footnotes":""},"class_list":["post-2129","page","type-page","status-publish","hentry"],"uagb_featured_image_src":{"full":false,"thumbnail":false,"medium":false,"medium_large":false,"large":false,"1536x1536":false,"2048x2048":false,"post-thumbnail":false,"cenote-full-width":false,"cenote-post":false,"cenote-post-auto":false,"mailpoet_newsletter_max":false},"uagb_author_info":{"display_name":"SINASEFE IFC","author_link":"https:\/\/www.sinasefe-ifc.org\/litoral\/author\/webmaster\/"},"uagb_comment_info":0,"uagb_excerpt":"Quem somos Fundado em\u00a006 de outubro de 2010 como\u00a0Se\u00e7\u00e3o Sindical do Instituto\u00a0Federal Catarinense (IFC) \u2013 Litoral do Vale do Itaja\u00ed (SC), o SINASEFE Litoral \u00e9 o representante dos docentes e [&hellip;]","jetpack_sharing_enabled":true,"jetpack_shortlink":"https:\/\/wp.me\/P9YpaO-yl","_links":{"self":[{"href":"https:\/\/www.sinasefe-ifc.org\/litoral\/wp-json\/wp\/v2\/pages\/2129","targetHints":{"allow":["GET"]}}],"collection":[{"href":"https:\/\/www.sinasefe-ifc.org\/litoral\/wp-json\/wp\/v2\/pages"}],"about":[{"href":"https:\/\/www.sinasefe-ifc.org\/litoral\/wp-json\/wp\/v2\/types\/page"}],"author":[{"embeddable":true,"href":"https:\/\/www.sinasefe-ifc.org\/litoral\/wp-json\/wp\/v2\/users\/1"}],"replies":[{"embeddable":true,"href":"https:\/\/www.sinasefe-ifc.org\/litoral\/wp-json\/wp\/v2\/comments?post=2129"}],"version-history":[{"count":3,"href":"https:\/\/www.sinasefe-ifc.org\/litoral\/wp-json\/wp\/v2\/pages\/2129\/revisions"}],"predecessor-version":[{"id":6640,"href":"https:\/\/www.sinasefe-ifc.org\/litoral\/wp-json\/wp\/v2\/pages\/2129\/revisions\/6640"}],"wp:attachment":[{"href":"https:\/\/www.sinasefe-ifc.org\/litoral\/wp-json\/wp\/v2\/media?parent=2129"}],"curies":[{"name":"wp","href":"https:\/\/api.w.org\/{rel}","templated":true}]}}