{"id":2144,"date":"2018-07-27T18:44:53","date_gmt":"2018-07-27T21:44:53","guid":{"rendered":"https:\/\/www.sinasefe-ifc.org\/litoral\/?page_id=2144"},"modified":"2022-05-10T17:57:20","modified_gmt":"2022-05-10T20:57:20","slug":"formularios-ressarcimento","status":"publish","type":"page","link":"https:\/\/www.sinasefe-ifc.org\/litoral\/documentos\/formularios-ressarcimento\/","title":{"rendered":"Formul\u00e1rios para ressarcimentos &#8211; Atividades sindicais"},"content":{"rendered":"<h4><img data-recalc-dims=\"1\" decoding=\"async\" data-attachment-id=\"2168\" data-permalink=\"https:\/\/www.sinasefe-ifc.org\/litoral\/documentos\/formularios-ressarcimento\/attachment\/botao-formularios\/\" data-orig-file=\"https:\/\/i0.wp.com\/www.sinasefe-ifc.org\/litoral\/wp-content\/uploads\/2018\/07\/botao-formularios.png?fit=640%2C300&amp;ssl=1\" data-orig-size=\"640,300\" data-comments-opened=\"0\" data-image-meta=\"{&quot;aperture&quot;:&quot;0&quot;,&quot;credit&quot;:&quot;&quot;,&quot;camera&quot;:&quot;&quot;,&quot;caption&quot;:&quot;&quot;,&quot;created_timestamp&quot;:&quot;0&quot;,&quot;copyright&quot;:&quot;&quot;,&quot;focal_length&quot;:&quot;0&quot;,&quot;iso&quot;:&quot;0&quot;,&quot;shutter_speed&quot;:&quot;0&quot;,&quot;title&quot;:&quot;&quot;,&quot;orientation&quot;:&quot;0&quot;}\" data-image-title=\"botao formularios\" data-image-description=\"\" data-image-caption=\"\" data-medium-file=\"https:\/\/i0.wp.com\/www.sinasefe-ifc.org\/litoral\/wp-content\/uploads\/2018\/07\/botao-formularios.png?fit=640%2C300&amp;ssl=1\" data-large-file=\"https:\/\/i0.wp.com\/www.sinasefe-ifc.org\/litoral\/wp-content\/uploads\/2018\/07\/botao-formularios.png?fit=640%2C300&amp;ssl=1\" class=\"aligncenter size-full wp-image-2168\" src=\"https:\/\/i0.wp.com\/www.sinasefe-ifc.org\/litoral\/wp-content\/uploads\/2018\/07\/botao-formularios.png?resize=640%2C300&#038;ssl=1\" alt=\"\" width=\"640\" height=\"300\" srcset=\"https:\/\/i0.wp.com\/www.sinasefe-ifc.org\/litoral\/wp-content\/uploads\/2018\/07\/botao-formularios.png?w=640&amp;ssl=1 640w, https:\/\/i0.wp.com\/www.sinasefe-ifc.org\/litoral\/wp-content\/uploads\/2018\/07\/botao-formularios.png?resize=150%2C70&amp;ssl=1 150w\" sizes=\"(max-width: 640px) 100vw, 640px\" \/><\/h4>\n<h4><span style=\"color: #800000;\"><em>Formul\u00e1rios de ressarcimento do Sindicato &#8211; Instru\u00e7\u00f5es de uso:<\/em><\/span><\/h4>\n<ol>\n<li>Ao clicar no formul\u00e1rio desejado uma nova aba ser\u00e1 aberta com o documento em vers\u00e3o preench\u00edvel formato&nbsp;<em>.pdf. <\/em><\/li>\n<li>Ap\u00f3s preencher seus dados, escolha a op\u00e7\u00e3o &#8220;imprimir&#8221; (ctrl+P) e utilize a op\u00e7\u00e3o &#8220;imprimir em .pdf&#8221; para salvar seu formul\u00e1rio em seu dispositivo.<\/li>\n<li>Envie o formul\u00e1rio preenchido e assinado junto dos recibos correspondentes para a Secretaria do Sindicato (localiza\u00e7\u00e3o e contatos <a href=\"http:\/\/www.sinasefe-ifc.org\/litoral\/contato\/\">aqui<\/a>).<br><b>ATEN\u00c7\u00c3O:&nbsp;<\/b>\u00e9 necess\u00e1rio envio da nota <strong>original<\/strong>.<\/li>\n<li>Cada nota ser\u00e1 avaliada individualmente pela coordena\u00e7\u00e3o do Sindicato para posterior dep\u00f3sito dos valores correspondentes.<\/li>\n<\/ol>\n<p><strong>Formul\u00e1rio para ressarcimento de gastos com combust\u00edvel (deslocamento com ve\u00edculo pr\u00f3prio)<\/strong> <br>Desde novembro de 2021 o ressarcimento de despesas com combust\u00edvel para deslocamentos entre as unidades com representa\u00e7\u00e3o do Sindicato <strong>segue o valor tabelado dispon\u00edvel <a href=\"https:\/\/www.sinasefe-ifc.org\/litoral\/noticias\/ajudas-de-custo-sindicato-reajusta-auxilio-combustivel-e-cria-termo-para-adiantamento-de-valores\/\">aqui<\/a>.<\/strong><\/p>\n<p><strong>Termo de Responsabilidade para adiantamento de valores<br><\/strong>Desde novembro de 2021 \u00e9 poss\u00edvel solicitar adiantamento de valores que j\u00e1 se prev\u00ea serem gastos para participa\u00e7\u00e3o de atividades como representante da Se\u00e7\u00e3o. Pelo termo, a pessoa que pede o adiantamento se compromete a reaver o que n\u00e3o foi despendido e justificar os valores gastos. Documento dispon\u00edvel <a href=\"https:\/\/www.sinasefe-ifc.org\/litoral\/wp-content\/uploads\/2022\/04\/ADIANTAMENTO-Formul\u00e1rio-de-Ressarcimento-SINASEFE-Litoral.pdf\">aqui<\/a>.<\/p>\n<p><\/p>\n\n\n<div style=\"height:20px\" aria-hidden=\"true\" class=\"wp-block-spacer\"><\/div>\n\n\n\n<div class=\"wp-block-columns has-2-columns is-layout-flex wp-container-core-columns-is-layout-9d6595d7 wp-block-columns-is-layout-flex\">\n<div class=\"wp-block-column is-layout-flow wp-block-column-is-layout-flow\">\n<div class=\"wp-block-button aligncenter\"><a class=\"wp-block-button__link has-vivid-red-background-color has-background\" href=\"https:\/\/www.sinasefe-ifc.org\/litoral\/wp-content\/uploads\/2021\/09\/ALIMENTA%C3%87%C3%83O-Formul%C3%A1rio-de-Ressarcimento-SINASEFE-Litoral.pdf\" target=\"_blank\" rel=\"noreferrer noopener\">Alimenta\u00e7\u00e3o<\/a><\/div>\n\n\n\n<div style=\"height:20px\" aria-hidden=\"true\" class=\"wp-block-spacer\"><\/div>\n\n\n\n<div class=\"wp-block-button aligncenter\"><a class=\"wp-block-button__link has-vivid-red-background-color has-background\" href=\"https:\/\/www.sinasefe-ifc.org\/litoral\/wp-content\/uploads\/2021\/09\/DI%C3%81RIA-Formul%C3%A1rio-de-Ressarcimento-SINASEFE-Litoral.pdf\" target=\"_blank\" rel=\"noreferrer noopener\">Di\u00e1ria<\/a><\/div>\n\n\n\n<div style=\"height:20px\" aria-hidden=\"true\" class=\"wp-block-spacer\"><\/div>\n\n\n\n<div class=\"wp-block-button aligncenter\"><a class=\"wp-block-button__link has-vivid-red-background-color has-background\" href=\"https:\/\/www.sinasefe-ifc.org\/litoral\/wp-content\/uploads\/2021\/09\/%C3%94NIBUS-Formul%C3%A1rio-de-Ressarcimento-SINASEFE-Litoral.pdf\" target=\"_blank\" rel=\"noreferrer noopener\">\u00d4nibus<\/a><\/div>\n\n\n\n<div style=\"height:20px\" aria-hidden=\"true\" class=\"wp-block-spacer\"><\/div>\n\n\n\n<div class=\"wp-block-buttons is-content-justification-center is-layout-flex wp-container-core-buttons-is-layout-16018d1d wp-block-buttons-is-layout-flex\">\n<div class=\"wp-block-button\"><a class=\"wp-block-button__link has-vivid-red-background-color has-background\" href=\"https:\/\/www.sinasefe-ifc.org\/litoral\/wp-content\/uploads\/2022\/04\/ADIANTAMENTO-Formul\u00e1rio-de-Ressarcimento-SINASEFE-Litoral.pdf\">Adiantamento<\/a><\/div>\n<\/div>\n<\/div>\n\n\n\n<div class=\"wp-block-column is-layout-flow wp-block-column-is-layout-flow\">\n<div class=\"wp-block-button aligncenter\"><a class=\"wp-block-button__link has-vivid-red-background-color has-background\" href=\"https:\/\/www.sinasefe-ifc.org\/litoral\/wp-content\/uploads\/2021\/11\/COMBUST%C3%8DVEL-Formul%C3%A1rio-de-Ressarcimento-SINASEFE-Litoral.pdf\" target=\"_blank\" rel=\"noreferrer noopener\">Combust\u00edvel<\/a><\/div>\n\n\n\n<div style=\"height:20px\" aria-hidden=\"true\" class=\"wp-block-spacer\"><\/div>\n\n\n\n<div class=\"wp-block-button aligncenter\"><a class=\"wp-block-button__link has-vivid-red-background-color has-background\" href=\"https:\/\/www.sinasefe-ifc.org\/litoral\/wp-content\/uploads\/2021\/09\/HOTEL-Formul%C3%A1rio-de-Ressarcimento-SINASEFE-Litoral.pdf\" target=\"_blank\" rel=\"noreferrer noopener\">Hotel<\/a><\/div>\n\n\n\n<div style=\"height:20px\" aria-hidden=\"true\" class=\"wp-block-spacer\"><\/div>\n\n\n\n<div class=\"wp-block-button aligncenter\"><a class=\"wp-block-button__link has-vivid-red-background-color has-background\" href=\"https:\/\/www.sinasefe-ifc.org\/litoral\/wp-content\/uploads\/2021\/09\/TAXI-Formul%C3%A1rio-de-Ressarcimento-SINASEFE-Litoral.pdf\" target=\"_blank\" rel=\"noreferrer noopener\">T\u00e1xi<\/a><\/div>\n\n\n\n<div style=\"height:20px\" aria-hidden=\"true\" class=\"wp-block-spacer\"><\/div>\n\n\n\n<div class=\"wp-block-buttons is-content-justification-center is-layout-flex wp-container-core-buttons-is-layout-16018d1d wp-block-buttons-is-layout-flex\">\n<div class=\"wp-block-button\"><a class=\"wp-block-button__link has-vivid-red-background-color has-background\" href=\"https:\/\/www.sinasefe-ifc.org\/litoral\/wp-content\/uploads\/2021\/09\/OUTRAS-DESPESAS-Formul%C3%A1rio-de-Ressarcimento-SINASEFE-Litoral.pdf\">Outras despesas<\/a><\/div>\n<\/div>\n\n\n\n<p><\/p>\n<\/div>\n<\/div>\n\n\n\n<p><\/p>\n","protected":false},"excerpt":{"rendered":"<p>Formul\u00e1rios de ressarcimento do Sindicato &#8211; Instru\u00e7\u00f5es de uso: Ao clicar no formul\u00e1rio desejado uma nova aba ser\u00e1 aberta com o documento em vers\u00e3o preench\u00edvel formato&nbsp;.pdf. Ap\u00f3s preencher seus dados, [&hellip;]<\/p>\n","protected":false},"author":1,"featured_media":0,"parent":16,"menu_order":0,"comment_status":"closed","ping_status":"closed","template":"","meta":{"_uag_custom_page_level_css":"","footnotes":""},"class_list":["post-2144","page","type-page","status-publish","hentry"],"uagb_featured_image_src":{"full":false,"thumbnail":false,"medium":false,"medium_large":false,"large":false,"1536x1536":false,"2048x2048":false,"post-thumbnail":false,"cenote-full-width":false,"cenote-post":false,"cenote-post-auto":false,"mailpoet_newsletter_max":false},"uagb_author_info":{"display_name":"SINASEFE IFC","author_link":"https:\/\/www.sinasefe-ifc.org\/litoral\/author\/webmaster\/"},"uagb_comment_info":0,"uagb_excerpt":"Formul\u00e1rios de ressarcimento do Sindicato &#8211; Instru\u00e7\u00f5es de uso: Ao clicar no formul\u00e1rio desejado uma nova aba ser\u00e1 aberta com o documento em vers\u00e3o preench\u00edvel formato&nbsp;.pdf. Ap\u00f3s preencher seus dados, [&hellip;]","jetpack_sharing_enabled":true,"jetpack_shortlink":"https:\/\/wp.me\/P9YpaO-yA","_links":{"self":[{"href":"https:\/\/www.sinasefe-ifc.org\/litoral\/wp-json\/wp\/v2\/pages\/2144","targetHints":{"allow":["GET"]}}],"collection":[{"href":"https:\/\/www.sinasefe-ifc.org\/litoral\/wp-json\/wp\/v2\/pages"}],"about":[{"href":"https:\/\/www.sinasefe-ifc.org\/litoral\/wp-json\/wp\/v2\/types\/page"}],"author":[{"embeddable":true,"href":"https:\/\/www.sinasefe-ifc.org\/litoral\/wp-json\/wp\/v2\/users\/1"}],"replies":[{"embeddable":true,"href":"https:\/\/www.sinasefe-ifc.org\/litoral\/wp-json\/wp\/v2\/comments?post=2144"}],"version-history":[{"count":25,"href":"https:\/\/www.sinasefe-ifc.org\/litoral\/wp-json\/wp\/v2\/pages\/2144\/revisions"}],"predecessor-version":[{"id":8989,"href":"https:\/\/www.sinasefe-ifc.org\/litoral\/wp-json\/wp\/v2\/pages\/2144\/revisions\/8989"}],"up":[{"embeddable":true,"href":"https:\/\/www.sinasefe-ifc.org\/litoral\/wp-json\/wp\/v2\/pages\/16"}],"wp:attachment":[{"href":"https:\/\/www.sinasefe-ifc.org\/litoral\/wp-json\/wp\/v2\/media?parent=2144"}],"curies":[{"name":"wp","href":"https:\/\/api.w.org\/{rel}","templated":true}]}}