{"id":2391,"date":"2018-09-05T16:53:47","date_gmt":"2018-09-05T19:53:47","guid":{"rendered":"https:\/\/www.sinasefe-ifc.org\/litoral\/?page_id=2391"},"modified":"2018-11-08T16:40:21","modified_gmt":"2018-11-08T18:40:21","slug":"comunicacao","status":"publish","type":"page","link":"https:\/\/www.sinasefe-ifc.org\/litoral\/comunicacao\/","title":{"rendered":"Comunica\u00e7\u00e3o"},"content":{"rendered":"\n<p><strong>Assessoria de Comunica\u00e7\u00e3o &#8211; Contato<\/strong>: <a href=\"mailto:comunicalitoral@sinasefe-ifc.org\">comunicalitoral@sinasefe-ifc.org<\/a><\/p>\n\n\n\n<div style=\"height:20px\" aria-hidden=\"true\" class=\"wp-block-spacer\"><\/div>\n\n\n\n<p style=\"color:#ffffff;font-size:28px;text-align:center\" class=\"has-background has-vivid-red-background-color\"><strong>Nossas publica\u00e7\u00f5es<\/strong><\/p>\n\n\n\n<div class=\"wp-block-columns has-2-columns is-layout-flex wp-container-core-columns-is-layout-9d6595d7 wp-block-columns-is-layout-flex\">\n<div class=\"wp-block-column is-layout-flow wp-block-column-is-layout-flow\">\n<div class=\"wp-block-image\"><figure class=\"aligncenter\"><img data-recalc-dims=\"1\" decoding=\"async\" width=\"240\" height=\"240\" data-attachment-id=\"2247\" data-permalink=\"https:\/\/www.sinasefe-ifc.org\/litoral\/educacao-mini\/\" data-orig-file=\"https:\/\/i0.wp.com\/www.sinasefe-ifc.org\/litoral\/wp-content\/uploads\/2018\/08\/educacao-mini.png?fit=240%2C240&amp;ssl=1\" data-orig-size=\"240,240\" data-comments-opened=\"0\" data-image-meta=\"{&quot;aperture&quot;:&quot;0&quot;,&quot;credit&quot;:&quot;&quot;,&quot;camera&quot;:&quot;&quot;,&quot;caption&quot;:&quot;&quot;,&quot;created_timestamp&quot;:&quot;0&quot;,&quot;copyright&quot;:&quot;&quot;,&quot;focal_length&quot;:&quot;0&quot;,&quot;iso&quot;:&quot;0&quot;,&quot;shutter_speed&quot;:&quot;0&quot;,&quot;title&quot;:&quot;&quot;,&quot;orientation&quot;:&quot;0&quot;}\" data-image-title=\"educacao mini\" data-image-description=\"\" data-image-caption=\"\" data-medium-file=\"https:\/\/i0.wp.com\/www.sinasefe-ifc.org\/litoral\/wp-content\/uploads\/2018\/08\/educacao-mini.png?fit=240%2C240&amp;ssl=1\" data-large-file=\"https:\/\/i0.wp.com\/www.sinasefe-ifc.org\/litoral\/wp-content\/uploads\/2018\/08\/educacao-mini.png?fit=240%2C240&amp;ssl=1\" src=\"https:\/\/i0.wp.com\/www.sinasefe-ifc.org\/litoral\/wp-content\/uploads\/2018\/08\/educacao-mini.png?resize=240%2C240&#038;ssl=1\" alt=\"\" class=\"wp-image-2247\" srcset=\"https:\/\/i0.wp.com\/www.sinasefe-ifc.org\/litoral\/wp-content\/uploads\/2018\/08\/educacao-mini.png?w=240&amp;ssl=1 240w, https:\/\/i0.wp.com\/www.sinasefe-ifc.org\/litoral\/wp-content\/uploads\/2018\/08\/educacao-mini.png?resize=150%2C150&amp;ssl=1 150w, https:\/\/i0.wp.com\/www.sinasefe-ifc.org\/litoral\/wp-content\/uploads\/2018\/08\/educacao-mini.png?resize=45%2C45&amp;ssl=1 45w, https:\/\/i0.wp.com\/www.sinasefe-ifc.org\/litoral\/wp-content\/uploads\/2018\/08\/educacao-mini.png?resize=50%2C50&amp;ssl=1 50w\" sizes=\"(max-width: 240px) 100vw, 240px\" \/><\/figure><\/div>\n\n\n\n<p><strong>EDUC>a\u00e7\u00e3o<\/strong>, boletim impresso bimestral. <br\/><a href=\"https:\/\/www.sinasefe-ifc.org\/litoral\/comunicacao\/educacao\/\">Confira as edi\u00e7\u00f5es publicadas<\/a>.<\/p>\n<\/div>\n\n\n\n<div class=\"wp-block-column is-layout-flow wp-block-column-is-layout-flow\">\n<div class=\"wp-block-image\"><figure class=\"aligncenter\"><img data-recalc-dims=\"1\" decoding=\"async\" width=\"240\" height=\"240\" data-attachment-id=\"2238\" data-permalink=\"https:\/\/www.sinasefe-ifc.org\/litoral\/panorama-quad-slider-240x240\/\" data-orig-file=\"https:\/\/i0.wp.com\/www.sinasefe-ifc.org\/litoral\/wp-content\/uploads\/2018\/08\/panorama-quad-slider-240x240.png?fit=240%2C240&amp;ssl=1\" data-orig-size=\"240,240\" data-comments-opened=\"0\" data-image-meta=\"{&quot;aperture&quot;:&quot;0&quot;,&quot;credit&quot;:&quot;&quot;,&quot;camera&quot;:&quot;&quot;,&quot;caption&quot;:&quot;&quot;,&quot;created_timestamp&quot;:&quot;0&quot;,&quot;copyright&quot;:&quot;&quot;,&quot;focal_length&quot;:&quot;0&quot;,&quot;iso&quot;:&quot;0&quot;,&quot;shutter_speed&quot;:&quot;0&quot;,&quot;title&quot;:&quot;&quot;,&quot;orientation&quot;:&quot;0&quot;}\" data-image-title=\"panorama mini\" data-image-description=\"\" data-image-caption=\"\" data-medium-file=\"https:\/\/i0.wp.com\/www.sinasefe-ifc.org\/litoral\/wp-content\/uploads\/2018\/08\/panorama-quad-slider-240x240.png?fit=240%2C240&amp;ssl=1\" data-large-file=\"https:\/\/i0.wp.com\/www.sinasefe-ifc.org\/litoral\/wp-content\/uploads\/2018\/08\/panorama-quad-slider-240x240.png?fit=240%2C240&amp;ssl=1\" src=\"https:\/\/i0.wp.com\/www.sinasefe-ifc.org\/litoral\/wp-content\/uploads\/2018\/08\/panorama-quad-slider-240x240.png?resize=240%2C240&#038;ssl=1\" alt=\"\" class=\"wp-image-2238\" srcset=\"https:\/\/i0.wp.com\/www.sinasefe-ifc.org\/litoral\/wp-content\/uploads\/2018\/08\/panorama-quad-slider-240x240.png?resize=240%2C240&amp;ssl=1 240w, https:\/\/i0.wp.com\/www.sinasefe-ifc.org\/litoral\/wp-content\/uploads\/2018\/08\/panorama-quad-slider-240x240.png?resize=150%2C150&amp;ssl=1 150w, https:\/\/i0.wp.com\/www.sinasefe-ifc.org\/litoral\/wp-content\/uploads\/2018\/08\/panorama-quad-slider-240x240.png?resize=45%2C45&amp;ssl=1 45w, https:\/\/i0.wp.com\/www.sinasefe-ifc.org\/litoral\/wp-content\/uploads\/2018\/08\/panorama-quad-slider-240x240.png?resize=50%2C50&amp;ssl=1 50w\" sizes=\"(max-width: 240px) 100vw, 240px\" \/><\/figure><\/div>\n\n\n\n<p><strong>Panorama<\/strong>, newsletter semanal da Se\u00e7\u00e3o. <br\/><a href=\"https:\/\/www.sinasefe-ifc.org\/litoral\/comunicacao\/newsletter\/\">Inscreva-se e saiba mais<\/a>.<\/p>\n<\/div>\n<\/div>\n\n\n\n<div style=\"height:20px\" aria-hidden=\"true\" class=\"wp-block-spacer\"><\/div>\n\n\n\n<p style=\"color:#ffffff;font-size:28px;text-align:center\" class=\"has-background has-vivid-red-background-color\"><strong>Se\u00e7\u00f5es<\/strong><\/p>\n\n\n\n<div style=\"height:20px\" aria-hidden=\"true\" class=\"wp-block-spacer\"><\/div>\n\n\n\n<div class=\"wp-block-columns has-2-columns is-layout-flex wp-container-core-columns-is-layout-9d6595d7 wp-block-columns-is-layout-flex\">\n<div class=\"wp-block-column is-layout-flow wp-block-column-is-layout-flow\">\n<div class=\"wp-block-button aligncenter\"><a class=\"wp-block-button__link has-background has-luminous-vivid-amber-background-color\" href=\"https:\/\/www.sinasefe-ifc.org\/litoral\/category\/noticias\/\">Not\u00edcias<\/a><\/div>\n\n\n\n<div class=\"wp-block-button aligncenter\"><a class=\"wp-block-button__link has-background has-vivid-green-cyan-background-color\" href=\"https:\/\/www.sinasefe-ifc.org\/litoral\/category\/noticias\/juridico\/\">Jur\u00eddicas<\/a><\/div>\n<\/div>\n\n\n\n<div class=\"wp-block-column is-layout-flow wp-block-column-is-layout-flow\">\n<div class=\"wp-block-button aligncenter\"><a class=\"wp-block-button__link has-background has-luminous-vivid-orange-background-color\" href=\"https:\/\/www.sinasefe-ifc.org\/litoral\/category\/opiniao\/\">Opini\u00e3o<\/a><\/div>\n\n\n\n<div class=\"wp-block-button aligncenter\"><a class=\"wp-block-button__link has-background has-vivid-cyan-blue-background-color\" href=\"https:\/\/www.sinasefe-ifc.org\/litoral\/category\/noticias\/servicos\/\">Servi\u00e7os<\/a><\/div>\n<\/div>\n<\/div>\n\n\n\n<p><\/p>\n","protected":false},"excerpt":{"rendered":"<p>Assessoria de Comunica\u00e7\u00e3o &#8211; Contato: comunicalitoral@sinasefe-ifc.org Nossas publica\u00e7\u00f5es EDUC>a\u00e7\u00e3o, boletim impresso bimestral. Confira as edi\u00e7\u00f5es publicadas. Panorama, newsletter semanal da Se\u00e7\u00e3o. Inscreva-se e saiba mais. Se\u00e7\u00f5es<\/p>\n","protected":false},"author":1,"featured_media":0,"parent":0,"menu_order":0,"comment_status":"closed","ping_status":"closed","template":"","meta":{"_uag_custom_page_level_css":"","footnotes":""},"class_list":["post-2391","page","type-page","status-publish","hentry"],"uagb_featured_image_src":{"full":false,"thumbnail":false,"medium":false,"medium_large":false,"large":false,"1536x1536":false,"2048x2048":false,"post-thumbnail":false,"cenote-full-width":false,"cenote-post":false,"cenote-post-auto":false,"mailpoet_newsletter_max":false},"uagb_author_info":{"display_name":"SINASEFE IFC","author_link":"https:\/\/www.sinasefe-ifc.org\/litoral\/author\/webmaster\/"},"uagb_comment_info":0,"uagb_excerpt":"Assessoria de Comunica\u00e7\u00e3o &#8211; Contato: comunicalitoral@sinasefe-ifc.org Nossas publica\u00e7\u00f5es EDUC>a\u00e7\u00e3o, boletim impresso bimestral. Confira as edi\u00e7\u00f5es publicadas. Panorama, newsletter semanal da Se\u00e7\u00e3o. Inscreva-se e saiba mais. Se\u00e7\u00f5es","jetpack_sharing_enabled":true,"jetpack_shortlink":"https:\/\/wp.me\/P9YpaO-Cz","_links":{"self":[{"href":"https:\/\/www.sinasefe-ifc.org\/litoral\/wp-json\/wp\/v2\/pages\/2391","targetHints":{"allow":["GET"]}}],"collection":[{"href":"https:\/\/www.sinasefe-ifc.org\/litoral\/wp-json\/wp\/v2\/pages"}],"about":[{"href":"https:\/\/www.sinasefe-ifc.org\/litoral\/wp-json\/wp\/v2\/types\/page"}],"author":[{"embeddable":true,"href":"https:\/\/www.sinasefe-ifc.org\/litoral\/wp-json\/wp\/v2\/users\/1"}],"replies":[{"embeddable":true,"href":"https:\/\/www.sinasefe-ifc.org\/litoral\/wp-json\/wp\/v2\/comments?post=2391"}],"version-history":[{"count":6,"href":"https:\/\/www.sinasefe-ifc.org\/litoral\/wp-json\/wp\/v2\/pages\/2391\/revisions"}],"predecessor-version":[{"id":2911,"href":"https:\/\/www.sinasefe-ifc.org\/litoral\/wp-json\/wp\/v2\/pages\/2391\/revisions\/2911"}],"wp:attachment":[{"href":"https:\/\/www.sinasefe-ifc.org\/litoral\/wp-json\/wp\/v2\/media?parent=2391"}],"curies":[{"name":"wp","href":"https:\/\/api.w.org\/{rel}","templated":true}]}}